{"id":90,"date":"2022-11-16T14:14:22","date_gmt":"2022-11-16T14:14:22","guid":{"rendered":"http:\/\/www.vardarlaryapi.com\/?page_id=90"},"modified":"2022-11-19T16:08:13","modified_gmt":"2022-11-19T16:08:13","slug":"teknik-temizleme","status":"publish","type":"page","link":"http:\/\/www.vardarlaryapi.com\/?page_id=90","title":{"rendered":"Teknik Temizleme"},"content":{"rendered":"\t\t<div data-elementor-type=\"wp-page\" data-elementor-id=\"90\" class=\"elementor elementor-90\">\n\t\t\t\t\t\t<section class=\"elementor-section elementor-top-section elementor-element elementor-element-e872f82 elementor-section-boxed elementor-section-height-default elementor-section-height-default\" data-id=\"e872f82\" data-element_type=\"section\" data-e-type=\"section\">\n\t\t\t\t\t\t<div class=\"elementor-container elementor-column-gap-default\">\n\t\t\t\t\t<div class=\"elementor-column elementor-col-100 elementor-top-column elementor-element elementor-element-f810451\" data-id=\"f810451\" data-element_type=\"column\" data-e-type=\"column\">\n\t\t\t<div class=\"elementor-widget-wrap elementor-element-populated\">\n\t\t\t\t\t\t<div class=\"elementor-element elementor-element-ad94e21 elementor-widget elementor-widget-heading\" data-id=\"ad94e21\" data-element_type=\"widget\" data-e-type=\"widget\" data-widget_type=\"heading.default\">\n\t\t\t\t<div class=\"elementor-widget-container\">\n\t\t\t\t\t<h2 class=\"elementor-heading-title elementor-size-default\">Teknik Temizleme<\/h2>\t\t\t\t<\/div>\n\t\t\t\t<\/div>\n\t\t\t\t\t<\/div>\n\t\t<\/div>\n\t\t\t\t\t<\/div>\n\t\t<\/section>\n\t\t\t\t<section class=\"elementor-section elementor-top-section elementor-element elementor-element-49c4bab elementor-section-boxed elementor-section-height-default elementor-section-height-default\" data-id=\"49c4bab\" data-element_type=\"section\" data-e-type=\"section\">\n\t\t\t\t\t\t<div class=\"elementor-container elementor-column-gap-default\">\n\t\t\t\t\t<div class=\"elementor-column elementor-col-100 elementor-top-column elementor-element elementor-element-23e7d07\" data-id=\"23e7d07\" data-element_type=\"column\" data-e-type=\"column\">\n\t\t\t<div class=\"elementor-widget-wrap elementor-element-populated\">\n\t\t\t\t\t\t<div class=\"elementor-element elementor-element-c7f6029 elementor-widget elementor-widget-text-editor\" data-id=\"c7f6029\" data-element_type=\"widget\" data-e-type=\"widget\" data-widget_type=\"text-editor.default\">\n\t\t\t\t<div class=\"elementor-widget-container\">\n\t\t\t\t\t\t\t\t\t<p class=\"MsoNormal\" style=\"margin-bottom: 13.5pt; line-height: normal; background-image: initial; background-position: initial; background-size: initial; background-repeat: initial; background-attachment: initial; background-origin: initial; background-clip: initial;\"><span style=\"font-size:10.5pt;font-family:&quot;Helvetica&quot;,&quot;sans-serif&quot;;\nmso-fareast-font-family:&quot;Times New Roman&quot;;mso-bidi-font-family:Helvetica;\ncolor:#333333;mso-fareast-language:TR\">Periyodik bak\u0131mlar esnas\u0131nda dolum\ntesisleri seperat\u00f6r havuzlar\u0131, yak\u0131t tanklar\u0131, boya kabini havuzlar\u0131, fosseptik\nkuyular\u0131, ar\u0131tma tesisi havuzlar\u0131 vb. at\u0131klar\u0131n muhafaza edildi\u011fi proses\nkabinlerinin ve a\u00e7\u0131k\/kapal\u0131 kanallar\u0131n temizlenmesi, \u00e7\u0131kan at\u0131klar\u0131n ve\nat\u0131ksular\u0131n y\u00f6netmeliklere uygun \u015fekilde uzakla\u015ft\u0131r\u0131lmas\u0131 hizmetleri sunulur.\nAr\u0131tma tesisi havuzlar\u0131n\u0131n bo\u015falt\u0131lmas\u0131, dip ve yan duvarlar\u0131n temizlenmesi\nesnas\u0131nda \u00e7\u0131kan bakteri, \u00e7amur, at\u0131ksu vs. t\u00fcr\u00fcndeki at\u0131klar\u0131n uzakla\u015ft\u0131r\u0131lmas\u0131\nve y\u00f6netmeliklere uygun \u015fekilde i\u015fleme sokularak zarars\u0131z hale getirilmesi\nhizmetleri her t\u00fcrl\u00fc i\u015f sa\u011fl\u0131\u011f\u0131 ve g\u00fcvenli\u011fi kurallar\u0131na uyulacak \u015fekilde\nsunulmaktad\u0131r. G\u00fcn\u00fcm\u00fcz teknolojisi sayesinde Kombine Kanal Temizleme ara\u00e7lar\u0131\nile a\u00e7\u0131k kaz\u0131 yapmadan kanal temizleme i\u015flemi yap\u0131labilmektedir. Kanal\ntemizleme ara\u00e7lar\u0131 y\u00fcksek su bas\u0131nc\u0131 ve vakum g\u00fcc\u00fcne sahip oldu\u011fundan\nt\u0131kan\u0131klar\u0131 kolayca a\u00e7abilmektedir. Kombine kanal temizleme ara\u00e7lar\u0131n\u0131n en\nb\u00fcy\u00fck fonksiyonu ise geri d\u00f6n\u00fc\u015f\u00fcmd\u00fcr. Geri d\u00f6n\u00fc\u015f\u00fcm \u00f6zelli\u011fi ile kanal\ni\u00e7erisinde bulunan suyu temizleyerek tekrar kanal temizli\u011fi i\u00e7in haz\u0131r hale\ngetirebilirler.<o:p><\/o:p><\/span><\/p>\t\t\t\t\t\t\t\t<\/div>\n\t\t\t\t<\/div>\n\t\t\t\t\t<\/div>\n\t\t<\/div>\n\t\t\t\t\t<\/div>\n\t\t<\/section>\n\t\t\t\t<\/div>\n\t\t","protected":false},"excerpt":{"rendered":"<p>Teknik Temizleme Periyodik bak\u0131mlar esnas\u0131nda dolum tesisleri seperat\u00f6r havuzlar\u0131, yak\u0131t tanklar\u0131, boya kabini havuzlar\u0131, fosseptik kuyular\u0131, ar\u0131tma tesisi havuzlar\u0131 vb. at\u0131klar\u0131n muhafaza edildi\u011fi proses kabinlerinin ve a\u00e7\u0131k\/kapal\u0131 kanallar\u0131n temizlenmesi, \u00e7\u0131kan at\u0131klar\u0131n ve at\u0131ksular\u0131n y\u00f6netmeliklere uygun \u015fekilde uzakla\u015ft\u0131r\u0131lmas\u0131 hizmetleri sunulur. Ar\u0131tma tesisi havuzlar\u0131n\u0131n bo\u015falt\u0131lmas\u0131, dip ve yan duvarlar\u0131n temizlenmesi esnas\u0131nda \u00e7\u0131kan bakteri, \u00e7amur, at\u0131ksu vs. t\u00fcr\u00fcndeki [&hellip;]<\/p>\n","protected":false},"author":1,"featured_media":0,"parent":0,"menu_order":0,"comment_status":"closed","ping_status":"closed","template":"","meta":{"site-sidebar-layout":"no-sidebar","site-content-layout":"page-builder","ast-site-content-layout":"default","site-content-style":"default","site-sidebar-style":"default","ast-global-header-display":"","ast-banner-title-visibility":"","ast-main-header-display":"","ast-hfb-above-header-display":"","ast-hfb-below-header-display":"","ast-hfb-mobile-header-display":"","site-post-title":"disabled","ast-breadcrumbs-content":"","ast-featured-img":"disabled","footer-sml-layout":"","ast-disable-related-posts":"","theme-transparent-header-meta":"","adv-header-id-meta":"","stick-header-meta":"","header-above-stick-meta":"","header-main-stick-meta":"","header-below-stick-meta":"","astra-migrate-meta-layouts":"default","ast-page-background-enabled":"default","ast-page-background-meta":{"desktop":{"background-color":"var(--ast-global-color-4)","background-image":"","background-repeat":"repeat","background-position":"center center","background-size":"auto","background-attachment":"scroll","background-type":"","background-media":"","overlay-type":"","overlay-color":"","overlay-opacity":"","overlay-gradient":""},"tablet":{"background-color":"","background-image":"","background-repeat":"repeat","background-position":"center center","background-size":"auto","background-attachment":"scroll","background-type":"","background-media":"","overlay-type":"","overlay-color":"","overlay-opacity":"","overlay-gradient":""},"mobile":{"background-color":"","background-image":"","background-repeat":"repeat","background-position":"center center","background-size":"auto","background-attachment":"scroll","background-type":"","background-media":"","overlay-type":"","overlay-color":"","overlay-opacity":"","overlay-gradient":""}},"ast-content-background-meta":{"desktop":{"background-color":"var(--ast-global-color-5)","background-image":"","background-repeat":"repeat","background-position":"center center","background-size":"auto","background-attachment":"scroll","background-type":"","background-media":"","overlay-type":"","overlay-color":"","overlay-opacity":"","overlay-gradient":""},"tablet":{"background-color":"var(--ast-global-color-5)","background-image":"","background-repeat":"repeat","background-position":"center center","background-size":"auto","background-attachment":"scroll","background-type":"","background-media":"","overlay-type":"","overlay-color":"","overlay-opacity":"","overlay-gradient":""},"mobile":{"background-color":"var(--ast-global-color-5)","background-image":"","background-repeat":"repeat","background-position":"center center","background-size":"auto","background-attachment":"scroll","background-type":"","background-media":"","overlay-type":"","overlay-color":"","overlay-opacity":"","overlay-gradient":""}},"footnotes":""},"class_list":["post-90","page","type-page","status-publish","hentry"],"yoast_head":"<!-- This site is optimized with the Yoast SEO plugin v27.4 - https:\/\/yoast.com\/product\/yoast-seo-wordpress\/ -->\n<title>Teknik Temizleme - Vardarlar Yap\u0131<\/title>\n<meta name=\"robots\" content=\"index, follow, max-snippet:-1, max-image-preview:large, max-video-preview:-1\" \/>\n<link rel=\"canonical\" href=\"http:\/\/www.vardarlaryapi.com\/?page_id=90\" \/>\n<meta property=\"og:locale\" content=\"tr_TR\" \/>\n<meta property=\"og:type\" content=\"article\" \/>\n<meta property=\"og:title\" content=\"Teknik Temizleme - Vardarlar Yap\u0131\" \/>\n<meta property=\"og:description\" content=\"Teknik Temizleme Periyodik bak\u0131mlar esnas\u0131nda dolum tesisleri seperat\u00f6r havuzlar\u0131, yak\u0131t tanklar\u0131, boya kabini havuzlar\u0131, fosseptik kuyular\u0131, ar\u0131tma tesisi havuzlar\u0131 vb. at\u0131klar\u0131n muhafaza edildi\u011fi proses kabinlerinin ve a\u00e7\u0131k\/kapal\u0131 kanallar\u0131n temizlenmesi, \u00e7\u0131kan at\u0131klar\u0131n ve at\u0131ksular\u0131n y\u00f6netmeliklere uygun \u015fekilde uzakla\u015ft\u0131r\u0131lmas\u0131 hizmetleri sunulur. Ar\u0131tma tesisi havuzlar\u0131n\u0131n bo\u015falt\u0131lmas\u0131, dip ve yan duvarlar\u0131n temizlenmesi esnas\u0131nda \u00e7\u0131kan bakteri, \u00e7amur, at\u0131ksu vs. t\u00fcr\u00fcndeki [&hellip;]\" \/>\n<meta property=\"og:url\" content=\"http:\/\/www.vardarlaryapi.com\/?page_id=90\" \/>\n<meta property=\"og:site_name\" content=\"Vardarlar Yap\u0131\" \/>\n<meta property=\"article:modified_time\" content=\"2022-11-19T16:08:13+00:00\" \/>\n<meta name=\"twitter:card\" content=\"summary_large_image\" \/>\n<meta name=\"twitter:label1\" content=\"Tahmini okuma s\u00fcresi\" \/>\n\t<meta name=\"twitter:data1\" content=\"1 dakika\" \/>\n<script type=\"application\/ld+json\" class=\"yoast-schema-graph\">{\"@context\":\"https:\\\/\\\/schema.org\",\"@graph\":[{\"@type\":\"WebPage\",\"@id\":\"http:\\\/\\\/www.vardarlaryapi.com\\\/?page_id=90\",\"url\":\"http:\\\/\\\/www.vardarlaryapi.com\\\/?page_id=90\",\"name\":\"Teknik Temizleme - Vardarlar Yap\u0131\",\"isPartOf\":{\"@id\":\"http:\\\/\\\/www.vardarlaryapi.com\\\/#website\"},\"datePublished\":\"2022-11-16T14:14:22+00:00\",\"dateModified\":\"2022-11-19T16:08:13+00:00\",\"breadcrumb\":{\"@id\":\"http:\\\/\\\/www.vardarlaryapi.com\\\/?page_id=90#breadcrumb\"},\"inLanguage\":\"tr\",\"potentialAction\":[{\"@type\":\"ReadAction\",\"target\":[\"http:\\\/\\\/www.vardarlaryapi.com\\\/?page_id=90\"]}]},{\"@type\":\"BreadcrumbList\",\"@id\":\"http:\\\/\\\/www.vardarlaryapi.com\\\/?page_id=90#breadcrumb\",\"itemListElement\":[{\"@type\":\"ListItem\",\"position\":1,\"name\":\"Anasayfa\",\"item\":\"http:\\\/\\\/www.vardarlaryapi.com\\\/\"},{\"@type\":\"ListItem\",\"position\":2,\"name\":\"Teknik Temizleme\"}]},{\"@type\":\"WebSite\",\"@id\":\"http:\\\/\\\/www.vardarlaryapi.com\\\/#website\",\"url\":\"http:\\\/\\\/www.vardarlaryapi.com\\\/\",\"name\":\"Vardarlar Yap\u0131\",\"description\":\"\",\"publisher\":{\"@id\":\"http:\\\/\\\/www.vardarlaryapi.com\\\/#organization\"},\"potentialAction\":[{\"@type\":\"SearchAction\",\"target\":{\"@type\":\"EntryPoint\",\"urlTemplate\":\"http:\\\/\\\/www.vardarlaryapi.com\\\/?s={search_term_string}\"},\"query-input\":{\"@type\":\"PropertyValueSpecification\",\"valueRequired\":true,\"valueName\":\"search_term_string\"}}],\"inLanguage\":\"tr\"},{\"@type\":\"Organization\",\"@id\":\"http:\\\/\\\/www.vardarlaryapi.com\\\/#organization\",\"name\":\"Vardarlar Yap\u0131\",\"url\":\"http:\\\/\\\/www.vardarlaryapi.com\\\/\",\"logo\":{\"@type\":\"ImageObject\",\"inLanguage\":\"tr\",\"@id\":\"http:\\\/\\\/www.vardarlaryapi.com\\\/#\\\/schema\\\/logo\\\/image\\\/\",\"url\":\"http:\\\/\\\/www.vardarlaryapi.com\\\/\\\/wp-content\\\/uploads\\\/2022\\\/11\\\/cropped-logo-1.png\",\"contentUrl\":\"http:\\\/\\\/www.vardarlaryapi.com\\\/\\\/wp-content\\\/uploads\\\/2022\\\/11\\\/cropped-logo-1.png\",\"width\":300,\"height\":100,\"caption\":\"Vardarlar Yap\u0131\"},\"image\":{\"@id\":\"http:\\\/\\\/www.vardarlaryapi.com\\\/#\\\/schema\\\/logo\\\/image\\\/\"}}]}<\/script>\n<!-- \/ Yoast SEO plugin. -->","yoast_head_json":{"title":"Teknik Temizleme - Vardarlar Yap\u0131","robots":{"index":"index","follow":"follow","max-snippet":"max-snippet:-1","max-image-preview":"max-image-preview:large","max-video-preview":"max-video-preview:-1"},"canonical":"http:\/\/www.vardarlaryapi.com\/?page_id=90","og_locale":"tr_TR","og_type":"article","og_title":"Teknik Temizleme - Vardarlar Yap\u0131","og_description":"Teknik Temizleme Periyodik bak\u0131mlar esnas\u0131nda dolum tesisleri seperat\u00f6r havuzlar\u0131, yak\u0131t tanklar\u0131, boya kabini havuzlar\u0131, fosseptik kuyular\u0131, ar\u0131tma tesisi havuzlar\u0131 vb. at\u0131klar\u0131n muhafaza edildi\u011fi proses kabinlerinin ve a\u00e7\u0131k\/kapal\u0131 kanallar\u0131n temizlenmesi, \u00e7\u0131kan at\u0131klar\u0131n ve at\u0131ksular\u0131n y\u00f6netmeliklere uygun \u015fekilde uzakla\u015ft\u0131r\u0131lmas\u0131 hizmetleri sunulur. Ar\u0131tma tesisi havuzlar\u0131n\u0131n bo\u015falt\u0131lmas\u0131, dip ve yan duvarlar\u0131n temizlenmesi esnas\u0131nda \u00e7\u0131kan bakteri, \u00e7amur, at\u0131ksu vs. t\u00fcr\u00fcndeki [&hellip;]","og_url":"http:\/\/www.vardarlaryapi.com\/?page_id=90","og_site_name":"Vardarlar Yap\u0131","article_modified_time":"2022-11-19T16:08:13+00:00","twitter_card":"summary_large_image","twitter_misc":{"Tahmini okuma s\u00fcresi":"1 dakika"},"schema":{"@context":"https:\/\/schema.org","@graph":[{"@type":"WebPage","@id":"http:\/\/www.vardarlaryapi.com\/?page_id=90","url":"http:\/\/www.vardarlaryapi.com\/?page_id=90","name":"Teknik Temizleme - Vardarlar Yap\u0131","isPartOf":{"@id":"http:\/\/www.vardarlaryapi.com\/#website"},"datePublished":"2022-11-16T14:14:22+00:00","dateModified":"2022-11-19T16:08:13+00:00","breadcrumb":{"@id":"http:\/\/www.vardarlaryapi.com\/?page_id=90#breadcrumb"},"inLanguage":"tr","potentialAction":[{"@type":"ReadAction","target":["http:\/\/www.vardarlaryapi.com\/?page_id=90"]}]},{"@type":"BreadcrumbList","@id":"http:\/\/www.vardarlaryapi.com\/?page_id=90#breadcrumb","itemListElement":[{"@type":"ListItem","position":1,"name":"Anasayfa","item":"http:\/\/www.vardarlaryapi.com\/"},{"@type":"ListItem","position":2,"name":"Teknik Temizleme"}]},{"@type":"WebSite","@id":"http:\/\/www.vardarlaryapi.com\/#website","url":"http:\/\/www.vardarlaryapi.com\/","name":"Vardarlar Yap\u0131","description":"","publisher":{"@id":"http:\/\/www.vardarlaryapi.com\/#organization"},"potentialAction":[{"@type":"SearchAction","target":{"@type":"EntryPoint","urlTemplate":"http:\/\/www.vardarlaryapi.com\/?s={search_term_string}"},"query-input":{"@type":"PropertyValueSpecification","valueRequired":true,"valueName":"search_term_string"}}],"inLanguage":"tr"},{"@type":"Organization","@id":"http:\/\/www.vardarlaryapi.com\/#organization","name":"Vardarlar Yap\u0131","url":"http:\/\/www.vardarlaryapi.com\/","logo":{"@type":"ImageObject","inLanguage":"tr","@id":"http:\/\/www.vardarlaryapi.com\/#\/schema\/logo\/image\/","url":"http:\/\/www.vardarlaryapi.com\/\/wp-content\/uploads\/2022\/11\/cropped-logo-1.png","contentUrl":"http:\/\/www.vardarlaryapi.com\/\/wp-content\/uploads\/2022\/11\/cropped-logo-1.png","width":300,"height":100,"caption":"Vardarlar Yap\u0131"},"image":{"@id":"http:\/\/www.vardarlaryapi.com\/#\/schema\/logo\/image\/"}}]}},"_links":{"self":[{"href":"http:\/\/www.vardarlaryapi.com\/index.php?rest_route=\/wp\/v2\/pages\/90","targetHints":{"allow":["GET"]}}],"collection":[{"href":"http:\/\/www.vardarlaryapi.com\/index.php?rest_route=\/wp\/v2\/pages"}],"about":[{"href":"http:\/\/www.vardarlaryapi.com\/index.php?rest_route=\/wp\/v2\/types\/page"}],"author":[{"embeddable":true,"href":"http:\/\/www.vardarlaryapi.com\/index.php?rest_route=\/wp\/v2\/users\/1"}],"replies":[{"embeddable":true,"href":"http:\/\/www.vardarlaryapi.com\/index.php?rest_route=%2Fwp%2Fv2%2Fcomments&post=90"}],"version-history":[{"count":7,"href":"http:\/\/www.vardarlaryapi.com\/index.php?rest_route=\/wp\/v2\/pages\/90\/revisions"}],"predecessor-version":[{"id":225,"href":"http:\/\/www.vardarlaryapi.com\/index.php?rest_route=\/wp\/v2\/pages\/90\/revisions\/225"}],"wp:attachment":[{"href":"http:\/\/www.vardarlaryapi.com\/index.php?rest_route=%2Fwp%2Fv2%2Fmedia&parent=90"}],"curies":[{"name":"wp","href":"https:\/\/api.w.org\/{rel}","templated":true}]}}