{"id":89,"date":"2022-11-16T14:14:22","date_gmt":"2022-11-16T14:14:22","guid":{"rendered":"http:\/\/www.vardarlaryapi.com\/?page_id=89"},"modified":"2022-11-19T15:50:55","modified_gmt":"2022-11-19T15:50:55","slug":"su-tankeri-hizmetleri","status":"publish","type":"page","link":"http:\/\/www.vardarlaryapi.com\/?page_id=89","title":{"rendered":"Su Tankeri Hizmetleri"},"content":{"rendered":"\t\t<div data-elementor-type=\"wp-page\" data-elementor-id=\"89\" class=\"elementor elementor-89\">\n\t\t\t\t\t\t<section class=\"elementor-section elementor-top-section elementor-element elementor-element-98151c5 elementor-section-boxed elementor-section-height-default elementor-section-height-default\" data-id=\"98151c5\" data-element_type=\"section\" data-e-type=\"section\">\n\t\t\t\t\t\t<div class=\"elementor-container elementor-column-gap-default\">\n\t\t\t\t\t<div class=\"elementor-column elementor-col-100 elementor-top-column elementor-element elementor-element-75a8df7\" data-id=\"75a8df7\" data-element_type=\"column\" data-e-type=\"column\">\n\t\t\t<div class=\"elementor-widget-wrap elementor-element-populated\">\n\t\t\t\t\t\t<div class=\"elementor-element elementor-element-3c26c2f elementor-widget elementor-widget-heading\" data-id=\"3c26c2f\" data-element_type=\"widget\" data-e-type=\"widget\" data-widget_type=\"heading.default\">\n\t\t\t\t<div class=\"elementor-widget-container\">\n\t\t\t\t\t<h2 class=\"elementor-heading-title elementor-size-default\">Su Tanker Hizmetleri<\/h2>\t\t\t\t<\/div>\n\t\t\t\t<\/div>\n\t\t\t\t\t<\/div>\n\t\t<\/div>\n\t\t\t\t\t<\/div>\n\t\t<\/section>\n\t\t\t\t<section class=\"elementor-section elementor-top-section elementor-element elementor-element-4e885c9 elementor-section-boxed elementor-section-height-default elementor-section-height-default\" data-id=\"4e885c9\" data-element_type=\"section\" data-e-type=\"section\">\n\t\t\t\t\t\t<div class=\"elementor-container elementor-column-gap-default\">\n\t\t\t\t\t<div class=\"elementor-column elementor-col-100 elementor-top-column elementor-element elementor-element-e9959e7\" data-id=\"e9959e7\" data-element_type=\"column\" data-e-type=\"column\">\n\t\t\t<div class=\"elementor-widget-wrap elementor-element-populated\">\n\t\t\t\t\t\t<div class=\"elementor-element elementor-element-7561324 elementor-widget elementor-widget-text-editor\" data-id=\"7561324\" data-element_type=\"widget\" data-e-type=\"widget\" data-widget_type=\"text-editor.default\">\n\t\t\t\t<div class=\"elementor-widget-container\">\n\t\t\t\t\t\t\t\t\t<p class=\"MsoNormal\" style=\"margin-bottom: 13.5pt; line-height: normal; background-image: initial; background-position: initial; background-size: initial; background-repeat: initial; background-attachment: initial; background-origin: initial; background-clip: initial;\"><span style=\"font-size: 10.5pt; font-family: 'Arial','sans-serif'; mso-fareast-font-family: 'Times New Roman'; color: #333333; mso-fareast-language: TR;\">Kullanma suyu ya\u015fam alanlar\u0131ndan uzak yeralt\u0131ndan sondaj y\u00f6ntemi ile \u00e7\u0131kart\u0131lan ve ayn\u0131 zamanda baz\u0131 filitrelemelerden ge\u00e7erek t\u00fcketime sunulan sudur.<\/span><\/p><p class=\"MsoNormal\" style=\"margin-bottom: 13.5pt; line-height: normal; background-image: initial; background-position: initial; background-size: initial; background-repeat: initial; background-attachment: initial; background-origin: initial; background-clip: initial;\"><span style=\"font-size: 10.5pt; font-family: 'Arial','sans-serif'; mso-fareast-font-family: 'Times New Roman'; color: #333333; mso-fareast-language: TR;\">Kullan\u0131m Alanlar\u0131; el,y\u00fcz ve v\u00fccut temizli\u011finde, sebze ve meyvelerde, yemekhanelerde, s\u00fcs havuzu ve y\u00fczme havuzlar\u0131nda, ye\u015fil alanlar\u0131n sulanmas\u0131, oto y\u0131kamalarda, boyahanelerde, \u00e7ama\u015f\u0131rhanelerde ve fabrikalar\u0131n baz\u0131 b\u00f6l\u00fcmlerinde olacak \u015fekilde s\u0131ralayabiliriz.<\/span><\/p>\t\t\t\t\t\t\t\t<\/div>\n\t\t\t\t<\/div>\n\t\t\t\t\t<\/div>\n\t\t<\/div>\n\t\t\t\t\t<\/div>\n\t\t<\/section>\n\t\t\t\t<section class=\"elementor-section elementor-top-section elementor-element elementor-element-8622698 elementor-section-boxed elementor-section-height-default elementor-section-height-default\" data-id=\"8622698\" data-element_type=\"section\" data-e-type=\"section\">\n\t\t\t\t\t\t<div class=\"elementor-container elementor-column-gap-default\">\n\t\t\t\t\t<div class=\"elementor-column elementor-col-33 elementor-top-column elementor-element elementor-element-db71f55\" data-id=\"db71f55\" data-element_type=\"column\" data-e-type=\"column\">\n\t\t\t<div class=\"elementor-widget-wrap elementor-element-populated\">\n\t\t\t\t\t\t<div class=\"elementor-element elementor-element-2f7f34f elementor-widget elementor-widget-image\" data-id=\"2f7f34f\" data-element_type=\"widget\" data-e-type=\"widget\" data-widget_type=\"image.default\">\n\t\t\t\t<div class=\"elementor-widget-container\">\n\t\t\t\t\t\t\t\t\t\t\t\t\t\t\t<img fetchpriority=\"high\" decoding=\"async\" width=\"768\" height=\"1024\" src=\"http:\/\/www.vardarlaryapi.com\/\/wp-content\/uploads\/2022\/11\/su1-768x1024.jpg\" class=\"attachment-large size-large wp-image-209\" alt=\"\" srcset=\"http:\/\/www.vardarlaryapi.com\/\/wp-content\/uploads\/2022\/11\/su1-768x1024.jpg 768w, http:\/\/www.vardarlaryapi.com\/\/wp-content\/uploads\/2022\/11\/su1-225x300.jpg 225w, http:\/\/www.vardarlaryapi.com\/\/wp-content\/uploads\/2022\/11\/su1.jpg 900w\" sizes=\"(max-width: 768px) 100vw, 768px\" \/>\t\t\t\t\t\t\t\t\t\t\t\t\t\t\t<\/div>\n\t\t\t\t<\/div>\n\t\t\t\t\t<\/div>\n\t\t<\/div>\n\t\t\t\t<div class=\"elementor-column elementor-col-33 elementor-top-column elementor-element elementor-element-2ad6d43\" data-id=\"2ad6d43\" data-element_type=\"column\" data-e-type=\"column\">\n\t\t\t<div class=\"elementor-widget-wrap elementor-element-populated\">\n\t\t\t\t\t\t<div class=\"elementor-element elementor-element-4cc107b elementor-widget elementor-widget-image\" data-id=\"4cc107b\" data-element_type=\"widget\" data-e-type=\"widget\" data-widget_type=\"image.default\">\n\t\t\t\t<div class=\"elementor-widget-container\">\n\t\t\t\t\t\t\t\t\t\t\t\t\t\t\t<img decoding=\"async\" width=\"768\" height=\"1024\" src=\"http:\/\/www.vardarlaryapi.com\/\/wp-content\/uploads\/2022\/11\/su2-768x1024.jpg\" class=\"attachment-large size-large wp-image-210\" alt=\"\" srcset=\"http:\/\/www.vardarlaryapi.com\/\/wp-content\/uploads\/2022\/11\/su2-768x1024.jpg 768w, http:\/\/www.vardarlaryapi.com\/\/wp-content\/uploads\/2022\/11\/su2-225x300.jpg 225w, http:\/\/www.vardarlaryapi.com\/\/wp-content\/uploads\/2022\/11\/su2.jpg 900w\" sizes=\"(max-width: 768px) 100vw, 768px\" \/>\t\t\t\t\t\t\t\t\t\t\t\t\t\t\t<\/div>\n\t\t\t\t<\/div>\n\t\t\t\t\t<\/div>\n\t\t<\/div>\n\t\t\t\t<div class=\"elementor-column elementor-col-33 elementor-top-column elementor-element elementor-element-202e182\" data-id=\"202e182\" data-element_type=\"column\" data-e-type=\"column\">\n\t\t\t<div class=\"elementor-widget-wrap elementor-element-populated\">\n\t\t\t\t\t\t<div class=\"elementor-element elementor-element-8a6ae1e elementor-widget elementor-widget-image\" data-id=\"8a6ae1e\" data-element_type=\"widget\" data-e-type=\"widget\" data-widget_type=\"image.default\">\n\t\t\t\t<div class=\"elementor-widget-container\">\n\t\t\t\t\t\t\t\t\t\t\t\t\t\t\t<img decoding=\"async\" width=\"768\" height=\"1024\" src=\"http:\/\/www.vardarlaryapi.com\/\/wp-content\/uploads\/2022\/11\/su3-768x1024.jpg\" class=\"attachment-large size-large wp-image-211\" alt=\"\" srcset=\"http:\/\/www.vardarlaryapi.com\/\/wp-content\/uploads\/2022\/11\/su3-768x1024.jpg 768w, http:\/\/www.vardarlaryapi.com\/\/wp-content\/uploads\/2022\/11\/su3-225x300.jpg 225w, http:\/\/www.vardarlaryapi.com\/\/wp-content\/uploads\/2022\/11\/su3.jpg 900w\" sizes=\"(max-width: 768px) 100vw, 768px\" \/>\t\t\t\t\t\t\t\t\t\t\t\t\t\t\t<\/div>\n\t\t\t\t<\/div>\n\t\t\t\t\t<\/div>\n\t\t<\/div>\n\t\t\t\t\t<\/div>\n\t\t<\/section>\n\t\t\t\t<\/div>\n\t\t","protected":false},"excerpt":{"rendered":"<p>Su Tanker Hizmetleri Kullanma suyu ya\u015fam alanlar\u0131ndan uzak yeralt\u0131ndan sondaj y\u00f6ntemi ile \u00e7\u0131kart\u0131lan ve ayn\u0131 zamanda baz\u0131 filitrelemelerden ge\u00e7erek t\u00fcketime sunulan sudur. Kullan\u0131m Alanlar\u0131; el,y\u00fcz ve v\u00fccut temizli\u011finde, sebze ve meyvelerde, yemekhanelerde, s\u00fcs havuzu ve y\u00fczme havuzlar\u0131nda, ye\u015fil alanlar\u0131n sulanmas\u0131, oto y\u0131kamalarda, boyahanelerde, \u00e7ama\u015f\u0131rhanelerde ve fabrikalar\u0131n baz\u0131 b\u00f6l\u00fcmlerinde olacak \u015fekilde s\u0131ralayabiliriz.<\/p>\n","protected":false},"author":1,"featured_media":0,"parent":0,"menu_order":0,"comment_status":"closed","ping_status":"closed","template":"","meta":{"site-sidebar-layout":"no-sidebar","site-content-layout":"page-builder","ast-site-content-layout":"default","site-content-style":"default","site-sidebar-style":"default","ast-global-header-display":"","ast-banner-title-visibility":"","ast-main-header-display":"","ast-hfb-above-header-display":"","ast-hfb-below-header-display":"","ast-hfb-mobile-header-display":"","site-post-title":"disabled","ast-breadcrumbs-content":"","ast-featured-img":"disabled","footer-sml-layout":"","ast-disable-related-posts":"","theme-transparent-header-meta":"","adv-header-id-meta":"","stick-header-meta":"","header-above-stick-meta":"","header-main-stick-meta":"","header-below-stick-meta":"","astra-migrate-meta-layouts":"default","ast-page-background-enabled":"default","ast-page-background-meta":{"desktop":{"background-color":"var(--ast-global-color-4)","background-image":"","background-repeat":"repeat","background-position":"center center","background-size":"auto","background-attachment":"scroll","background-type":"","background-media":"","overlay-type":"","overlay-color":"","overlay-opacity":"","overlay-gradient":""},"tablet":{"background-color":"","background-image":"","background-repeat":"repeat","background-position":"center center","background-size":"auto","background-attachment":"scroll","background-type":"","background-media":"","overlay-type":"","overlay-color":"","overlay-opacity":"","overlay-gradient":""},"mobile":{"background-color":"","background-image":"","background-repeat":"repeat","background-position":"center center","background-size":"auto","background-attachment":"scroll","background-type":"","background-media":"","overlay-type":"","overlay-color":"","overlay-opacity":"","overlay-gradient":""}},"ast-content-background-meta":{"desktop":{"background-color":"var(--ast-global-color-5)","background-image":"","background-repeat":"repeat","background-position":"center center","background-size":"auto","background-attachment":"scroll","background-type":"","background-media":"","overlay-type":"","overlay-color":"","overlay-opacity":"","overlay-gradient":""},"tablet":{"background-color":"var(--ast-global-color-5)","background-image":"","background-repeat":"repeat","background-position":"center center","background-size":"auto","background-attachment":"scroll","background-type":"","background-media":"","overlay-type":"","overlay-color":"","overlay-opacity":"","overlay-gradient":""},"mobile":{"background-color":"var(--ast-global-color-5)","background-image":"","background-repeat":"repeat","background-position":"center center","background-size":"auto","background-attachment":"scroll","background-type":"","background-media":"","overlay-type":"","overlay-color":"","overlay-opacity":"","overlay-gradient":""}},"footnotes":""},"class_list":["post-89","page","type-page","status-publish","hentry"],"yoast_head":"<!-- This site is optimized with the Yoast SEO plugin v27.4 - https:\/\/yoast.com\/product\/yoast-seo-wordpress\/ -->\n<title>Su Tankeri Hizmetleri - Vardarlar Yap\u0131<\/title>\n<meta name=\"robots\" content=\"index, follow, max-snippet:-1, max-image-preview:large, max-video-preview:-1\" \/>\n<link rel=\"canonical\" href=\"http:\/\/www.vardarlaryapi.com\/?page_id=89\" \/>\n<meta property=\"og:locale\" content=\"tr_TR\" \/>\n<meta property=\"og:type\" content=\"article\" \/>\n<meta property=\"og:title\" content=\"Su Tankeri Hizmetleri - Vardarlar Yap\u0131\" \/>\n<meta property=\"og:description\" content=\"Su Tanker Hizmetleri Kullanma suyu ya\u015fam alanlar\u0131ndan uzak yeralt\u0131ndan sondaj y\u00f6ntemi ile \u00e7\u0131kart\u0131lan ve ayn\u0131 zamanda baz\u0131 filitrelemelerden ge\u00e7erek t\u00fcketime sunulan sudur. Kullan\u0131m Alanlar\u0131; el,y\u00fcz ve v\u00fccut temizli\u011finde, sebze ve meyvelerde, yemekhanelerde, s\u00fcs havuzu ve y\u00fczme havuzlar\u0131nda, ye\u015fil alanlar\u0131n sulanmas\u0131, oto y\u0131kamalarda, boyahanelerde, \u00e7ama\u015f\u0131rhanelerde ve fabrikalar\u0131n baz\u0131 b\u00f6l\u00fcmlerinde olacak \u015fekilde s\u0131ralayabiliriz.\" \/>\n<meta property=\"og:url\" content=\"http:\/\/www.vardarlaryapi.com\/?page_id=89\" \/>\n<meta property=\"og:site_name\" content=\"Vardarlar Yap\u0131\" \/>\n<meta property=\"article:modified_time\" content=\"2022-11-19T15:50:55+00:00\" \/>\n<meta property=\"og:image\" content=\"http:\/\/www.vardarlaryapi.com\/wp-content\/uploads\/2022\/11\/su1-768x1024.jpg\" \/>\n<meta name=\"twitter:card\" content=\"summary_large_image\" \/>\n<meta name=\"twitter:label1\" content=\"Tahmini okuma s\u00fcresi\" \/>\n\t<meta name=\"twitter:data1\" content=\"1 dakika\" \/>\n<script type=\"application\/ld+json\" class=\"yoast-schema-graph\">{\"@context\":\"https:\\\/\\\/schema.org\",\"@graph\":[{\"@type\":\"WebPage\",\"@id\":\"http:\\\/\\\/www.vardarlaryapi.com\\\/?page_id=89\",\"url\":\"http:\\\/\\\/www.vardarlaryapi.com\\\/?page_id=89\",\"name\":\"Su Tankeri Hizmetleri - Vardarlar Yap\u0131\",\"isPartOf\":{\"@id\":\"http:\\\/\\\/www.vardarlaryapi.com\\\/#website\"},\"primaryImageOfPage\":{\"@id\":\"http:\\\/\\\/www.vardarlaryapi.com\\\/?page_id=89#primaryimage\"},\"image\":{\"@id\":\"http:\\\/\\\/www.vardarlaryapi.com\\\/?page_id=89#primaryimage\"},\"thumbnailUrl\":\"http:\\\/\\\/www.vardarlaryapi.com\\\/wp-content\\\/uploads\\\/2022\\\/11\\\/su1-768x1024.jpg\",\"datePublished\":\"2022-11-16T14:14:22+00:00\",\"dateModified\":\"2022-11-19T15:50:55+00:00\",\"breadcrumb\":{\"@id\":\"http:\\\/\\\/www.vardarlaryapi.com\\\/?page_id=89#breadcrumb\"},\"inLanguage\":\"tr\",\"potentialAction\":[{\"@type\":\"ReadAction\",\"target\":[\"http:\\\/\\\/www.vardarlaryapi.com\\\/?page_id=89\"]}]},{\"@type\":\"ImageObject\",\"inLanguage\":\"tr\",\"@id\":\"http:\\\/\\\/www.vardarlaryapi.com\\\/?page_id=89#primaryimage\",\"url\":\"http:\\\/\\\/www.vardarlaryapi.com\\\/\\\/wp-content\\\/uploads\\\/2022\\\/11\\\/su1.jpg\",\"contentUrl\":\"http:\\\/\\\/www.vardarlaryapi.com\\\/\\\/wp-content\\\/uploads\\\/2022\\\/11\\\/su1.jpg\",\"width\":900,\"height\":1200},{\"@type\":\"BreadcrumbList\",\"@id\":\"http:\\\/\\\/www.vardarlaryapi.com\\\/?page_id=89#breadcrumb\",\"itemListElement\":[{\"@type\":\"ListItem\",\"position\":1,\"name\":\"Anasayfa\",\"item\":\"http:\\\/\\\/www.vardarlaryapi.com\\\/\"},{\"@type\":\"ListItem\",\"position\":2,\"name\":\"Su Tankeri Hizmetleri\"}]},{\"@type\":\"WebSite\",\"@id\":\"http:\\\/\\\/www.vardarlaryapi.com\\\/#website\",\"url\":\"http:\\\/\\\/www.vardarlaryapi.com\\\/\",\"name\":\"Vardarlar Yap\u0131\",\"description\":\"\",\"publisher\":{\"@id\":\"http:\\\/\\\/www.vardarlaryapi.com\\\/#organization\"},\"potentialAction\":[{\"@type\":\"SearchAction\",\"target\":{\"@type\":\"EntryPoint\",\"urlTemplate\":\"http:\\\/\\\/www.vardarlaryapi.com\\\/?s={search_term_string}\"},\"query-input\":{\"@type\":\"PropertyValueSpecification\",\"valueRequired\":true,\"valueName\":\"search_term_string\"}}],\"inLanguage\":\"tr\"},{\"@type\":\"Organization\",\"@id\":\"http:\\\/\\\/www.vardarlaryapi.com\\\/#organization\",\"name\":\"Vardarlar Yap\u0131\",\"url\":\"http:\\\/\\\/www.vardarlaryapi.com\\\/\",\"logo\":{\"@type\":\"ImageObject\",\"inLanguage\":\"tr\",\"@id\":\"http:\\\/\\\/www.vardarlaryapi.com\\\/#\\\/schema\\\/logo\\\/image\\\/\",\"url\":\"http:\\\/\\\/www.vardarlaryapi.com\\\/\\\/wp-content\\\/uploads\\\/2022\\\/11\\\/cropped-logo-1.png\",\"contentUrl\":\"http:\\\/\\\/www.vardarlaryapi.com\\\/\\\/wp-content\\\/uploads\\\/2022\\\/11\\\/cropped-logo-1.png\",\"width\":300,\"height\":100,\"caption\":\"Vardarlar Yap\u0131\"},\"image\":{\"@id\":\"http:\\\/\\\/www.vardarlaryapi.com\\\/#\\\/schema\\\/logo\\\/image\\\/\"}}]}<\/script>\n<!-- \/ Yoast SEO plugin. -->","yoast_head_json":{"title":"Su Tankeri Hizmetleri - Vardarlar Yap\u0131","robots":{"index":"index","follow":"follow","max-snippet":"max-snippet:-1","max-image-preview":"max-image-preview:large","max-video-preview":"max-video-preview:-1"},"canonical":"http:\/\/www.vardarlaryapi.com\/?page_id=89","og_locale":"tr_TR","og_type":"article","og_title":"Su Tankeri Hizmetleri - Vardarlar Yap\u0131","og_description":"Su Tanker Hizmetleri Kullanma suyu ya\u015fam alanlar\u0131ndan uzak yeralt\u0131ndan sondaj y\u00f6ntemi ile \u00e7\u0131kart\u0131lan ve ayn\u0131 zamanda baz\u0131 filitrelemelerden ge\u00e7erek t\u00fcketime sunulan sudur. Kullan\u0131m Alanlar\u0131; el,y\u00fcz ve v\u00fccut temizli\u011finde, sebze ve meyvelerde, yemekhanelerde, s\u00fcs havuzu ve y\u00fczme havuzlar\u0131nda, ye\u015fil alanlar\u0131n sulanmas\u0131, oto y\u0131kamalarda, boyahanelerde, \u00e7ama\u015f\u0131rhanelerde ve fabrikalar\u0131n baz\u0131 b\u00f6l\u00fcmlerinde olacak \u015fekilde s\u0131ralayabiliriz.","og_url":"http:\/\/www.vardarlaryapi.com\/?page_id=89","og_site_name":"Vardarlar Yap\u0131","article_modified_time":"2022-11-19T15:50:55+00:00","og_image":[{"url":"http:\/\/www.vardarlaryapi.com\/wp-content\/uploads\/2022\/11\/su1-768x1024.jpg","type":"","width":"","height":""}],"twitter_card":"summary_large_image","twitter_misc":{"Tahmini okuma s\u00fcresi":"1 dakika"},"schema":{"@context":"https:\/\/schema.org","@graph":[{"@type":"WebPage","@id":"http:\/\/www.vardarlaryapi.com\/?page_id=89","url":"http:\/\/www.vardarlaryapi.com\/?page_id=89","name":"Su Tankeri Hizmetleri - Vardarlar Yap\u0131","isPartOf":{"@id":"http:\/\/www.vardarlaryapi.com\/#website"},"primaryImageOfPage":{"@id":"http:\/\/www.vardarlaryapi.com\/?page_id=89#primaryimage"},"image":{"@id":"http:\/\/www.vardarlaryapi.com\/?page_id=89#primaryimage"},"thumbnailUrl":"http:\/\/www.vardarlaryapi.com\/wp-content\/uploads\/2022\/11\/su1-768x1024.jpg","datePublished":"2022-11-16T14:14:22+00:00","dateModified":"2022-11-19T15:50:55+00:00","breadcrumb":{"@id":"http:\/\/www.vardarlaryapi.com\/?page_id=89#breadcrumb"},"inLanguage":"tr","potentialAction":[{"@type":"ReadAction","target":["http:\/\/www.vardarlaryapi.com\/?page_id=89"]}]},{"@type":"ImageObject","inLanguage":"tr","@id":"http:\/\/www.vardarlaryapi.com\/?page_id=89#primaryimage","url":"http:\/\/www.vardarlaryapi.com\/\/wp-content\/uploads\/2022\/11\/su1.jpg","contentUrl":"http:\/\/www.vardarlaryapi.com\/\/wp-content\/uploads\/2022\/11\/su1.jpg","width":900,"height":1200},{"@type":"BreadcrumbList","@id":"http:\/\/www.vardarlaryapi.com\/?page_id=89#breadcrumb","itemListElement":[{"@type":"ListItem","position":1,"name":"Anasayfa","item":"http:\/\/www.vardarlaryapi.com\/"},{"@type":"ListItem","position":2,"name":"Su Tankeri Hizmetleri"}]},{"@type":"WebSite","@id":"http:\/\/www.vardarlaryapi.com\/#website","url":"http:\/\/www.vardarlaryapi.com\/","name":"Vardarlar Yap\u0131","description":"","publisher":{"@id":"http:\/\/www.vardarlaryapi.com\/#organization"},"potentialAction":[{"@type":"SearchAction","target":{"@type":"EntryPoint","urlTemplate":"http:\/\/www.vardarlaryapi.com\/?s={search_term_string}"},"query-input":{"@type":"PropertyValueSpecification","valueRequired":true,"valueName":"search_term_string"}}],"inLanguage":"tr"},{"@type":"Organization","@id":"http:\/\/www.vardarlaryapi.com\/#organization","name":"Vardarlar Yap\u0131","url":"http:\/\/www.vardarlaryapi.com\/","logo":{"@type":"ImageObject","inLanguage":"tr","@id":"http:\/\/www.vardarlaryapi.com\/#\/schema\/logo\/image\/","url":"http:\/\/www.vardarlaryapi.com\/\/wp-content\/uploads\/2022\/11\/cropped-logo-1.png","contentUrl":"http:\/\/www.vardarlaryapi.com\/\/wp-content\/uploads\/2022\/11\/cropped-logo-1.png","width":300,"height":100,"caption":"Vardarlar Yap\u0131"},"image":{"@id":"http:\/\/www.vardarlaryapi.com\/#\/schema\/logo\/image\/"}}]}},"_links":{"self":[{"href":"http:\/\/www.vardarlaryapi.com\/index.php?rest_route=\/wp\/v2\/pages\/89","targetHints":{"allow":["GET"]}}],"collection":[{"href":"http:\/\/www.vardarlaryapi.com\/index.php?rest_route=\/wp\/v2\/pages"}],"about":[{"href":"http:\/\/www.vardarlaryapi.com\/index.php?rest_route=\/wp\/v2\/types\/page"}],"author":[{"embeddable":true,"href":"http:\/\/www.vardarlaryapi.com\/index.php?rest_route=\/wp\/v2\/users\/1"}],"replies":[{"embeddable":true,"href":"http:\/\/www.vardarlaryapi.com\/index.php?rest_route=%2Fwp%2Fv2%2Fcomments&post=89"}],"version-history":[{"count":13,"href":"http:\/\/www.vardarlaryapi.com\/index.php?rest_route=\/wp\/v2\/pages\/89\/revisions"}],"predecessor-version":[{"id":217,"href":"http:\/\/www.vardarlaryapi.com\/index.php?rest_route=\/wp\/v2\/pages\/89\/revisions\/217"}],"wp:attachment":[{"href":"http:\/\/www.vardarlaryapi.com\/index.php?rest_route=%2Fwp%2Fv2%2Fmedia&parent=89"}],"curies":[{"name":"wp","href":"https:\/\/api.w.org\/{rel}","templated":true}]}}