{"id":87,"date":"2022-11-16T14:14:22","date_gmt":"2022-11-16T14:14:22","guid":{"rendered":"http:\/\/www.vardarlaryapi.com\/?page_id=87"},"modified":"2022-11-19T14:26:19","modified_gmt":"2022-11-19T14:26:19","slug":"kanal-yapim-isleri","status":"publish","type":"page","link":"http:\/\/www.vardarlaryapi.com\/?page_id=87","title":{"rendered":"Kanal Yap\u0131m \u0130\u015fleri"},"content":{"rendered":"\t\t<div data-elementor-type=\"wp-page\" data-elementor-id=\"87\" class=\"elementor elementor-87\">\n\t\t\t\t\t\t<section class=\"elementor-section elementor-top-section elementor-element elementor-element-ebca92c elementor-section-boxed elementor-section-height-default elementor-section-height-default\" data-id=\"ebca92c\" data-element_type=\"section\" data-e-type=\"section\">\n\t\t\t\t\t\t<div class=\"elementor-container elementor-column-gap-default\">\n\t\t\t\t\t<div class=\"elementor-column elementor-col-100 elementor-top-column elementor-element elementor-element-a93d799\" data-id=\"a93d799\" data-element_type=\"column\" data-e-type=\"column\">\n\t\t\t<div class=\"elementor-widget-wrap elementor-element-populated\">\n\t\t\t\t\t\t<div class=\"elementor-element elementor-element-c272ee9 elementor-widget elementor-widget-heading\" data-id=\"c272ee9\" data-element_type=\"widget\" data-e-type=\"widget\" data-widget_type=\"heading.default\">\n\t\t\t\t<div class=\"elementor-widget-container\">\n\t\t\t\t\t<h2 class=\"elementor-heading-title elementor-size-default\">Kanal Yap\u0131m \u0130\u015fleri<\/h2>\t\t\t\t<\/div>\n\t\t\t\t<\/div>\n\t\t\t\t\t<\/div>\n\t\t<\/div>\n\t\t\t\t\t<\/div>\n\t\t<\/section>\n\t\t\t\t<section class=\"elementor-section elementor-top-section elementor-element elementor-element-573404f elementor-section-boxed elementor-section-height-default elementor-section-height-default\" data-id=\"573404f\" data-element_type=\"section\" data-e-type=\"section\">\n\t\t\t\t\t\t<div class=\"elementor-container elementor-column-gap-default\">\n\t\t\t\t\t<div class=\"elementor-column elementor-col-100 elementor-top-column elementor-element elementor-element-493101e\" data-id=\"493101e\" data-element_type=\"column\" data-e-type=\"column\">\n\t\t\t<div class=\"elementor-widget-wrap elementor-element-populated\">\n\t\t\t\t\t\t<div class=\"elementor-element elementor-element-c94e9d6 elementor-widget elementor-widget-text-editor\" data-id=\"c94e9d6\" data-element_type=\"widget\" data-e-type=\"widget\" data-widget_type=\"text-editor.default\">\n\t\t\t\t<div class=\"elementor-widget-container\">\n\t\t\t\t\t\t\t\t\t<p class=\"MsoNormal\" style=\"margin-bottom: 13.5pt; line-height: normal; background-image: initial; background-position: initial; background-size: initial; background-repeat: initial; background-attachment: initial; background-origin: initial; background-clip: initial;\"><span style=\"font-size: 10.5pt; font-family: 'Arial','sans-serif'; mso-fareast-font-family: 'Times New Roman'; color: #333333; mso-fareast-language: TR;\">Teknolojinin uzaktan eri\u015filebildi\u011fi d\u00fcnyam\u0131zda m\u00fckemmel bir altyap\u0131 \u015fartt\u0131r! Vardarlar Yap\u0131\u00a0altyap\u0131 \u00e7\u00f6z\u00fcmlerimiz denenmi\u015flikleri, g\u00fcvenilirlikleri, y\u00fcksek kullanabilirlikleri ve her boyutta organizasyon i\u00e7in \u00f6l\u00e7eklenebilir olma \u00f6zellikleri ile \u00f6ne \u00e7\u0131k\u0131yor.\u00a0<\/span><\/p>\t\t\t\t\t\t\t\t<\/div>\n\t\t\t\t<\/div>\n\t\t\t\t\t<\/div>\n\t\t<\/div>\n\t\t\t\t\t<\/div>\n\t\t<\/section>\n\t\t\t\t<section class=\"elementor-section elementor-top-section elementor-element elementor-element-f83da0f elementor-section-boxed elementor-section-height-default elementor-section-height-default\" data-id=\"f83da0f\" data-element_type=\"section\" data-e-type=\"section\">\n\t\t\t\t\t\t<div class=\"elementor-container elementor-column-gap-default\">\n\t\t\t\t\t<div class=\"elementor-column elementor-col-100 elementor-top-column elementor-element elementor-element-adc9546\" data-id=\"adc9546\" data-element_type=\"column\" data-e-type=\"column\">\n\t\t\t<div class=\"elementor-widget-wrap elementor-element-populated\">\n\t\t\t\t\t\t<section class=\"elementor-section elementor-inner-section elementor-element elementor-element-06262bb elementor-section-boxed elementor-section-height-default elementor-section-height-default\" data-id=\"06262bb\" data-element_type=\"section\" data-e-type=\"section\">\n\t\t\t\t\t\t<div class=\"elementor-container elementor-column-gap-default\">\n\t\t\t\t\t<div class=\"elementor-column elementor-col-50 elementor-inner-column elementor-element elementor-element-953f67c\" data-id=\"953f67c\" data-element_type=\"column\" data-e-type=\"column\">\n\t\t\t<div class=\"elementor-widget-wrap elementor-element-populated\">\n\t\t\t\t\t\t<div class=\"elementor-element elementor-element-2cb9aab elementor-widget elementor-widget-image\" data-id=\"2cb9aab\" data-element_type=\"widget\" data-e-type=\"widget\" data-widget_type=\"image.default\">\n\t\t\t\t<div class=\"elementor-widget-container\">\n\t\t\t\t\t\t\t\t\t\t\t\t\t\t\t<img decoding=\"async\" src=\"http:\/\/www.vardarlaryapi.com\/\/wp-content\/uploads\/elementor\/thumbs\/ky02-pxy2fslk0axbgmm3jelvqlp5rhyaxkpwg1wygd1l88.jpg\" title=\"ky02\" alt=\"ky02\" loading=\"lazy\" \/>\t\t\t\t\t\t\t\t\t\t\t\t\t\t\t<\/div>\n\t\t\t\t<\/div>\n\t\t\t\t\t<\/div>\n\t\t<\/div>\n\t\t\t\t<div class=\"elementor-column elementor-col-50 elementor-inner-column elementor-element elementor-element-a36af62\" data-id=\"a36af62\" data-element_type=\"column\" data-e-type=\"column\">\n\t\t\t<div class=\"elementor-widget-wrap elementor-element-populated\">\n\t\t\t\t\t\t<div class=\"elementor-element elementor-element-96d0dcd elementor-widget elementor-widget-image\" data-id=\"96d0dcd\" data-element_type=\"widget\" data-e-type=\"widget\" data-widget_type=\"image.default\">\n\t\t\t\t<div class=\"elementor-widget-container\">\n\t\t\t\t\t\t\t\t\t\t\t\t\t\t\t<img decoding=\"async\" src=\"http:\/\/www.vardarlaryapi.com\/\/wp-content\/uploads\/elementor\/thumbs\/ky01-pxy2f37wvrykr5mynlmyda3pq3fe5qx5ckauhw37w8.jpg\" title=\"ky01\" alt=\"ky01\" loading=\"lazy\" \/>\t\t\t\t\t\t\t\t\t\t\t\t\t\t\t<\/div>\n\t\t\t\t<\/div>\n\t\t\t\t\t<\/div>\n\t\t<\/div>\n\t\t\t\t\t<\/div>\n\t\t<\/section>\n\t\t\t\t\t<\/div>\n\t\t<\/div>\n\t\t\t\t\t<\/div>\n\t\t<\/section>\n\t\t\t\t<\/div>\n\t\t","protected":false},"excerpt":{"rendered":"<p>Kanal Yap\u0131m \u0130\u015fleri Teknolojinin uzaktan eri\u015filebildi\u011fi d\u00fcnyam\u0131zda m\u00fckemmel bir altyap\u0131 \u015fartt\u0131r! Vardarlar Yap\u0131\u00a0altyap\u0131 \u00e7\u00f6z\u00fcmlerimiz denenmi\u015flikleri, g\u00fcvenilirlikleri, y\u00fcksek kullanabilirlikleri ve her boyutta organizasyon i\u00e7in \u00f6l\u00e7eklenebilir olma \u00f6zellikleri ile \u00f6ne \u00e7\u0131k\u0131yor.\u00a0<\/p>\n","protected":false},"author":1,"featured_media":0,"parent":0,"menu_order":0,"comment_status":"closed","ping_status":"closed","template":"","meta":{"site-sidebar-layout":"no-sidebar","site-content-layout":"page-builder","ast-site-content-layout":"default","site-content-style":"default","site-sidebar-style":"default","ast-global-header-display":"","ast-banner-title-visibility":"","ast-main-header-display":"","ast-hfb-above-header-display":"","ast-hfb-below-header-display":"","ast-hfb-mobile-header-display":"","site-post-title":"disabled","ast-breadcrumbs-content":"","ast-featured-img":"disabled","footer-sml-layout":"","ast-disable-related-posts":"","theme-transparent-header-meta":"","adv-header-id-meta":"","stick-header-meta":"","header-above-stick-meta":"","header-main-stick-meta":"","header-below-stick-meta":"","astra-migrate-meta-layouts":"default","ast-page-background-enabled":"default","ast-page-background-meta":{"desktop":{"background-color":"var(--ast-global-color-4)","background-image":"","background-repeat":"repeat","background-position":"center center","background-size":"auto","background-attachment":"scroll","background-type":"","background-media":"","overlay-type":"","overlay-color":"","overlay-opacity":"","overlay-gradient":""},"tablet":{"background-color":"","background-image":"","background-repeat":"repeat","background-position":"center center","background-size":"auto","background-attachment":"scroll","background-type":"","background-media":"","overlay-type":"","overlay-color":"","overlay-opacity":"","overlay-gradient":""},"mobile":{"background-color":"","background-image":"","background-repeat":"repeat","background-position":"center center","background-size":"auto","background-attachment":"scroll","background-type":"","background-media":"","overlay-type":"","overlay-color":"","overlay-opacity":"","overlay-gradient":""}},"ast-content-background-meta":{"desktop":{"background-color":"var(--ast-global-color-5)","background-image":"","background-repeat":"repeat","background-position":"center center","background-size":"auto","background-attachment":"scroll","background-type":"","background-media":"","overlay-type":"","overlay-color":"","overlay-opacity":"","overlay-gradient":""},"tablet":{"background-color":"var(--ast-global-color-5)","background-image":"","background-repeat":"repeat","background-position":"center center","background-size":"auto","background-attachment":"scroll","background-type":"","background-media":"","overlay-type":"","overlay-color":"","overlay-opacity":"","overlay-gradient":""},"mobile":{"background-color":"var(--ast-global-color-5)","background-image":"","background-repeat":"repeat","background-position":"center center","background-size":"auto","background-attachment":"scroll","background-type":"","background-media":"","overlay-type":"","overlay-color":"","overlay-opacity":"","overlay-gradient":""}},"footnotes":""},"class_list":["post-87","page","type-page","status-publish","hentry"],"yoast_head":"<!-- This site is optimized with the Yoast SEO plugin v27.4 - https:\/\/yoast.com\/product\/yoast-seo-wordpress\/ -->\n<title>Kanal Yap\u0131m \u0130\u015fleri - Vardarlar Yap\u0131<\/title>\n<meta name=\"robots\" content=\"index, follow, max-snippet:-1, max-image-preview:large, max-video-preview:-1\" \/>\n<link rel=\"canonical\" href=\"http:\/\/www.vardarlaryapi.com\/?page_id=87\" \/>\n<meta property=\"og:locale\" content=\"tr_TR\" \/>\n<meta property=\"og:type\" content=\"article\" \/>\n<meta property=\"og:title\" content=\"Kanal Yap\u0131m \u0130\u015fleri - Vardarlar Yap\u0131\" \/>\n<meta property=\"og:description\" content=\"Kanal Yap\u0131m \u0130\u015fleri Teknolojinin uzaktan eri\u015filebildi\u011fi d\u00fcnyam\u0131zda m\u00fckemmel bir altyap\u0131 \u015fartt\u0131r! Vardarlar Yap\u0131\u00a0altyap\u0131 \u00e7\u00f6z\u00fcmlerimiz denenmi\u015flikleri, g\u00fcvenilirlikleri, y\u00fcksek kullanabilirlikleri ve her boyutta organizasyon i\u00e7in \u00f6l\u00e7eklenebilir olma \u00f6zellikleri ile \u00f6ne \u00e7\u0131k\u0131yor.\u00a0\" \/>\n<meta property=\"og:url\" content=\"http:\/\/www.vardarlaryapi.com\/?page_id=87\" \/>\n<meta property=\"og:site_name\" content=\"Vardarlar Yap\u0131\" \/>\n<meta property=\"article:modified_time\" content=\"2022-11-19T14:26:19+00:00\" \/>\n<meta property=\"og:image\" content=\"http:\/\/www.vardarlaryapi.com\/wp-content\/uploads\/elementor\/thumbs\/ky02-pxy2fslk0axbgmm3jelvqlp5rhyaxkpwg1wygd1l88.jpg\" \/>\n<meta name=\"twitter:card\" content=\"summary_large_image\" \/>\n<meta name=\"twitter:label1\" content=\"Tahmini okuma s\u00fcresi\" \/>\n\t<meta name=\"twitter:data1\" content=\"1 dakika\" \/>\n<script type=\"application\/ld+json\" class=\"yoast-schema-graph\">{\"@context\":\"https:\\\/\\\/schema.org\",\"@graph\":[{\"@type\":\"WebPage\",\"@id\":\"http:\\\/\\\/www.vardarlaryapi.com\\\/?page_id=87\",\"url\":\"http:\\\/\\\/www.vardarlaryapi.com\\\/?page_id=87\",\"name\":\"Kanal Yap\u0131m \u0130\u015fleri - Vardarlar Yap\u0131\",\"isPartOf\":{\"@id\":\"http:\\\/\\\/www.vardarlaryapi.com\\\/#website\"},\"primaryImageOfPage\":{\"@id\":\"http:\\\/\\\/www.vardarlaryapi.com\\\/?page_id=87#primaryimage\"},\"image\":{\"@id\":\"http:\\\/\\\/www.vardarlaryapi.com\\\/?page_id=87#primaryimage\"},\"thumbnailUrl\":\"http:\\\/\\\/www.vardarlaryapi.com\\\/wp-content\\\/uploads\\\/elementor\\\/thumbs\\\/ky02-pxy2fslk0axbgmm3jelvqlp5rhyaxkpwg1wygd1l88.jpg\",\"datePublished\":\"2022-11-16T14:14:22+00:00\",\"dateModified\":\"2022-11-19T14:26:19+00:00\",\"breadcrumb\":{\"@id\":\"http:\\\/\\\/www.vardarlaryapi.com\\\/?page_id=87#breadcrumb\"},\"inLanguage\":\"tr\",\"potentialAction\":[{\"@type\":\"ReadAction\",\"target\":[\"http:\\\/\\\/www.vardarlaryapi.com\\\/?page_id=87\"]}]},{\"@type\":\"ImageObject\",\"inLanguage\":\"tr\",\"@id\":\"http:\\\/\\\/www.vardarlaryapi.com\\\/?page_id=87#primaryimage\",\"url\":\"http:\\\/\\\/www.vardarlaryapi.com\\\/wp-content\\\/uploads\\\/elementor\\\/thumbs\\\/ky02-pxy2fslk0axbgmm3jelvqlp5rhyaxkpwg1wygd1l88.jpg\",\"contentUrl\":\"http:\\\/\\\/www.vardarlaryapi.com\\\/wp-content\\\/uploads\\\/elementor\\\/thumbs\\\/ky02-pxy2fslk0axbgmm3jelvqlp5rhyaxkpwg1wygd1l88.jpg\"},{\"@type\":\"BreadcrumbList\",\"@id\":\"http:\\\/\\\/www.vardarlaryapi.com\\\/?page_id=87#breadcrumb\",\"itemListElement\":[{\"@type\":\"ListItem\",\"position\":1,\"name\":\"Anasayfa\",\"item\":\"http:\\\/\\\/www.vardarlaryapi.com\\\/\"},{\"@type\":\"ListItem\",\"position\":2,\"name\":\"Kanal Yap\u0131m \u0130\u015fleri\"}]},{\"@type\":\"WebSite\",\"@id\":\"http:\\\/\\\/www.vardarlaryapi.com\\\/#website\",\"url\":\"http:\\\/\\\/www.vardarlaryapi.com\\\/\",\"name\":\"Vardarlar Yap\u0131\",\"description\":\"\",\"publisher\":{\"@id\":\"http:\\\/\\\/www.vardarlaryapi.com\\\/#organization\"},\"potentialAction\":[{\"@type\":\"SearchAction\",\"target\":{\"@type\":\"EntryPoint\",\"urlTemplate\":\"http:\\\/\\\/www.vardarlaryapi.com\\\/?s={search_term_string}\"},\"query-input\":{\"@type\":\"PropertyValueSpecification\",\"valueRequired\":true,\"valueName\":\"search_term_string\"}}],\"inLanguage\":\"tr\"},{\"@type\":\"Organization\",\"@id\":\"http:\\\/\\\/www.vardarlaryapi.com\\\/#organization\",\"name\":\"Vardarlar Yap\u0131\",\"url\":\"http:\\\/\\\/www.vardarlaryapi.com\\\/\",\"logo\":{\"@type\":\"ImageObject\",\"inLanguage\":\"tr\",\"@id\":\"http:\\\/\\\/www.vardarlaryapi.com\\\/#\\\/schema\\\/logo\\\/image\\\/\",\"url\":\"http:\\\/\\\/www.vardarlaryapi.com\\\/\\\/wp-content\\\/uploads\\\/2022\\\/11\\\/cropped-logo-1.png\",\"contentUrl\":\"http:\\\/\\\/www.vardarlaryapi.com\\\/\\\/wp-content\\\/uploads\\\/2022\\\/11\\\/cropped-logo-1.png\",\"width\":300,\"height\":100,\"caption\":\"Vardarlar Yap\u0131\"},\"image\":{\"@id\":\"http:\\\/\\\/www.vardarlaryapi.com\\\/#\\\/schema\\\/logo\\\/image\\\/\"}}]}<\/script>\n<!-- \/ Yoast SEO plugin. -->","yoast_head_json":{"title":"Kanal Yap\u0131m \u0130\u015fleri - Vardarlar Yap\u0131","robots":{"index":"index","follow":"follow","max-snippet":"max-snippet:-1","max-image-preview":"max-image-preview:large","max-video-preview":"max-video-preview:-1"},"canonical":"http:\/\/www.vardarlaryapi.com\/?page_id=87","og_locale":"tr_TR","og_type":"article","og_title":"Kanal Yap\u0131m \u0130\u015fleri - Vardarlar Yap\u0131","og_description":"Kanal Yap\u0131m \u0130\u015fleri Teknolojinin uzaktan eri\u015filebildi\u011fi d\u00fcnyam\u0131zda m\u00fckemmel bir altyap\u0131 \u015fartt\u0131r! Vardarlar Yap\u0131\u00a0altyap\u0131 \u00e7\u00f6z\u00fcmlerimiz denenmi\u015flikleri, g\u00fcvenilirlikleri, y\u00fcksek kullanabilirlikleri ve her boyutta organizasyon i\u00e7in \u00f6l\u00e7eklenebilir olma \u00f6zellikleri ile \u00f6ne \u00e7\u0131k\u0131yor.\u00a0","og_url":"http:\/\/www.vardarlaryapi.com\/?page_id=87","og_site_name":"Vardarlar Yap\u0131","article_modified_time":"2022-11-19T14:26:19+00:00","og_image":[{"url":"http:\/\/www.vardarlaryapi.com\/wp-content\/uploads\/elementor\/thumbs\/ky02-pxy2fslk0axbgmm3jelvqlp5rhyaxkpwg1wygd1l88.jpg","type":"","width":"","height":""}],"twitter_card":"summary_large_image","twitter_misc":{"Tahmini okuma s\u00fcresi":"1 dakika"},"schema":{"@context":"https:\/\/schema.org","@graph":[{"@type":"WebPage","@id":"http:\/\/www.vardarlaryapi.com\/?page_id=87","url":"http:\/\/www.vardarlaryapi.com\/?page_id=87","name":"Kanal Yap\u0131m \u0130\u015fleri - Vardarlar Yap\u0131","isPartOf":{"@id":"http:\/\/www.vardarlaryapi.com\/#website"},"primaryImageOfPage":{"@id":"http:\/\/www.vardarlaryapi.com\/?page_id=87#primaryimage"},"image":{"@id":"http:\/\/www.vardarlaryapi.com\/?page_id=87#primaryimage"},"thumbnailUrl":"http:\/\/www.vardarlaryapi.com\/wp-content\/uploads\/elementor\/thumbs\/ky02-pxy2fslk0axbgmm3jelvqlp5rhyaxkpwg1wygd1l88.jpg","datePublished":"2022-11-16T14:14:22+00:00","dateModified":"2022-11-19T14:26:19+00:00","breadcrumb":{"@id":"http:\/\/www.vardarlaryapi.com\/?page_id=87#breadcrumb"},"inLanguage":"tr","potentialAction":[{"@type":"ReadAction","target":["http:\/\/www.vardarlaryapi.com\/?page_id=87"]}]},{"@type":"ImageObject","inLanguage":"tr","@id":"http:\/\/www.vardarlaryapi.com\/?page_id=87#primaryimage","url":"http:\/\/www.vardarlaryapi.com\/wp-content\/uploads\/elementor\/thumbs\/ky02-pxy2fslk0axbgmm3jelvqlp5rhyaxkpwg1wygd1l88.jpg","contentUrl":"http:\/\/www.vardarlaryapi.com\/wp-content\/uploads\/elementor\/thumbs\/ky02-pxy2fslk0axbgmm3jelvqlp5rhyaxkpwg1wygd1l88.jpg"},{"@type":"BreadcrumbList","@id":"http:\/\/www.vardarlaryapi.com\/?page_id=87#breadcrumb","itemListElement":[{"@type":"ListItem","position":1,"name":"Anasayfa","item":"http:\/\/www.vardarlaryapi.com\/"},{"@type":"ListItem","position":2,"name":"Kanal Yap\u0131m \u0130\u015fleri"}]},{"@type":"WebSite","@id":"http:\/\/www.vardarlaryapi.com\/#website","url":"http:\/\/www.vardarlaryapi.com\/","name":"Vardarlar Yap\u0131","description":"","publisher":{"@id":"http:\/\/www.vardarlaryapi.com\/#organization"},"potentialAction":[{"@type":"SearchAction","target":{"@type":"EntryPoint","urlTemplate":"http:\/\/www.vardarlaryapi.com\/?s={search_term_string}"},"query-input":{"@type":"PropertyValueSpecification","valueRequired":true,"valueName":"search_term_string"}}],"inLanguage":"tr"},{"@type":"Organization","@id":"http:\/\/www.vardarlaryapi.com\/#organization","name":"Vardarlar Yap\u0131","url":"http:\/\/www.vardarlaryapi.com\/","logo":{"@type":"ImageObject","inLanguage":"tr","@id":"http:\/\/www.vardarlaryapi.com\/#\/schema\/logo\/image\/","url":"http:\/\/www.vardarlaryapi.com\/\/wp-content\/uploads\/2022\/11\/cropped-logo-1.png","contentUrl":"http:\/\/www.vardarlaryapi.com\/\/wp-content\/uploads\/2022\/11\/cropped-logo-1.png","width":300,"height":100,"caption":"Vardarlar Yap\u0131"},"image":{"@id":"http:\/\/www.vardarlaryapi.com\/#\/schema\/logo\/image\/"}}]}},"_links":{"self":[{"href":"http:\/\/www.vardarlaryapi.com\/index.php?rest_route=\/wp\/v2\/pages\/87","targetHints":{"allow":["GET"]}}],"collection":[{"href":"http:\/\/www.vardarlaryapi.com\/index.php?rest_route=\/wp\/v2\/pages"}],"about":[{"href":"http:\/\/www.vardarlaryapi.com\/index.php?rest_route=\/wp\/v2\/types\/page"}],"author":[{"embeddable":true,"href":"http:\/\/www.vardarlaryapi.com\/index.php?rest_route=\/wp\/v2\/users\/1"}],"replies":[{"embeddable":true,"href":"http:\/\/www.vardarlaryapi.com\/index.php?rest_route=%2Fwp%2Fv2%2Fcomments&post=87"}],"version-history":[{"count":7,"href":"http:\/\/www.vardarlaryapi.com\/index.php?rest_route=\/wp\/v2\/pages\/87\/revisions"}],"predecessor-version":[{"id":189,"href":"http:\/\/www.vardarlaryapi.com\/index.php?rest_route=\/wp\/v2\/pages\/87\/revisions\/189"}],"wp:attachment":[{"href":"http:\/\/www.vardarlaryapi.com\/index.php?rest_route=%2Fwp%2Fv2%2Fmedia&parent=87"}],"curies":[{"name":"wp","href":"https:\/\/api.w.org\/{rel}","templated":true}]}}