{"id":68,"date":"2022-11-16T13:53:13","date_gmt":"2022-11-16T13:53:13","guid":{"rendered":"http:\/\/www.vardarlaryapi.com\/?page_id=68"},"modified":"2022-12-07T16:54:23","modified_gmt":"2022-12-07T16:54:23","slug":"iletisim","status":"publish","type":"page","link":"http:\/\/www.vardarlaryapi.com\/?page_id=68","title":{"rendered":"\u0130leti\u015fim"},"content":{"rendered":"\t\t<div data-elementor-type=\"wp-page\" data-elementor-id=\"68\" class=\"elementor elementor-68\">\n\t\t\t\t\t\t<section class=\"elementor-section elementor-top-section elementor-element elementor-element-457b8e2 elementor-section-boxed elementor-section-height-default elementor-section-height-default\" data-id=\"457b8e2\" data-element_type=\"section\" data-e-type=\"section\">\n\t\t\t\t\t\t<div class=\"elementor-container elementor-column-gap-default\">\n\t\t\t\t\t<div class=\"elementor-column elementor-col-100 elementor-top-column elementor-element elementor-element-45d494f\" data-id=\"45d494f\" data-element_type=\"column\" data-e-type=\"column\">\n\t\t\t<div class=\"elementor-widget-wrap\">\n\t\t\t\t\t\t\t<\/div>\n\t\t<\/div>\n\t\t\t\t\t<\/div>\n\t\t<\/section>\n\t\t\t\t<section class=\"elementor-section elementor-top-section elementor-element elementor-element-7b121c4 elementor-section-boxed elementor-section-height-default elementor-section-height-default\" data-id=\"7b121c4\" data-element_type=\"section\" data-e-type=\"section\">\n\t\t\t\t\t\t<div class=\"elementor-container elementor-column-gap-default\">\n\t\t\t\t\t<div class=\"elementor-column elementor-col-100 elementor-top-column elementor-element elementor-element-6d9c7cf\" data-id=\"6d9c7cf\" data-element_type=\"column\" data-e-type=\"column\">\n\t\t\t<div class=\"elementor-widget-wrap elementor-element-populated\">\n\t\t\t\t\t\t<div class=\"elementor-element elementor-element-a06284f elementor-widget elementor-widget-google_maps\" data-id=\"a06284f\" data-element_type=\"widget\" data-e-type=\"widget\" data-widget_type=\"google_maps.default\">\n\t\t\t\t<div class=\"elementor-widget-container\">\n\t\t\t\t\t\t\t<div class=\"elementor-custom-embed\">\n\t\t\t<iframe loading=\"lazy\"\n\t\t\t\t\tsrc=\"https:\/\/maps.google.com\/maps?q=M%C4%B0MAR%20S%C4%B0NAN%20MAHALLES%C4%B0%20145.%20SOKAK%20NO%3A25%2FA%C2%A0%C2%A0KAPAKLI%20%2F%20TEK%C4%B0RDA%C4%9E&#038;t=m&#038;z=11&#038;output=embed&#038;iwloc=near\"\n\t\t\t\t\ttitle=\"M\u0130MAR S\u0130NAN MAHALLES\u0130 145. SOKAK NO:25\/A\u00a0\u00a0KAPAKLI \/ TEK\u0130RDA\u011e\"\n\t\t\t\t\taria-label=\"M\u0130MAR S\u0130NAN MAHALLES\u0130 145. SOKAK NO:25\/A\u00a0\u00a0KAPAKLI \/ TEK\u0130RDA\u011e\"\n\t\t\t><\/iframe>\n\t\t<\/div>\n\t\t\t\t\t\t<\/div>\n\t\t\t\t<\/div>\n\t\t\t\t\t<\/div>\n\t\t<\/div>\n\t\t\t\t\t<\/div>\n\t\t<\/section>\n\t\t\t\t<section class=\"elementor-section elementor-top-section elementor-element elementor-element-b42c0f5 elementor-section-boxed elementor-section-height-default elementor-section-height-default\" data-id=\"b42c0f5\" data-element_type=\"section\" data-e-type=\"section\">\n\t\t\t\t\t\t<div class=\"elementor-container elementor-column-gap-default\">\n\t\t\t\t\t<div class=\"elementor-column elementor-col-50 elementor-top-column elementor-element elementor-element-da1bc10\" data-id=\"da1bc10\" data-element_type=\"column\" data-e-type=\"column\">\n\t\t\t<div class=\"elementor-widget-wrap elementor-element-populated\">\n\t\t\t\t\t\t<div class=\"elementor-element elementor-element-d17c00b elementor-widget elementor-widget-text-editor\" data-id=\"d17c00b\" data-element_type=\"widget\" data-e-type=\"widget\" data-widget_type=\"text-editor.default\">\n\t\t\t\t<div class=\"elementor-widget-container\">\n\t\t\t\t\t\t\t\t\t<p><\/p>\n<p>\n\n<\/p>\n<p><strong>\u00a0Ofis Muhasebe :\u00a0<\/strong><a href=\"tel:\/\/+902827268989\">+0(282)726 89 89<\/a><\/p>\n<p>\n\n<\/p>\n<p><strong>\u00a0Ofis\u00a0Muhasebe\u00a0:<\/strong>\u00a0<a href=\"tel:\/\/+905069185182\">+0(506)918 51 82\u00a0<\/a><\/p>\n<p>\n\n<\/p>\n<p><strong>\u00a0 Ofis Fax:\u00a0<\/strong><a href=\"tel:\/\/+902827268288\">+0(282)726 82 88<\/a>\n<\/p>\n<p>\n\n<\/p>\n<p>\u00a0\u00a0<strong>Ara\u00e7 Tedarik<\/strong>\u00a0<strong>:\u00a0<\/strong><a href=\"tel:\/\/+905322811118\">+0(532)281 11 18<\/a><\/p>\n<p>\n\n<\/p>\n<p>\u00a0\u00a0<strong>Ara\u00e7<\/strong>\u00a0<strong>Tedarik:\u00a0<\/strong>\n<a href=\"tel:\/\/+905332066142\">0(533)206 61 42<\/a>\u00a0<\/p>\n<p>\n\n<\/p>\n<p>\u00a0 <strong>\u00a0Mail :<\/strong>\u00a0<a href=\"mailto:info@vardarlaryapi.com\">info@vardarlaryapi.com<\/a><\/p>\n<p>\n\n<\/p>\n<p>\u00a0\u00a0<strong>Adres:\u00a0<\/strong>M\u0130MAR S\u0130NAN MAHALLES\u0130 145. SOKAK NO:25\/A\u00a0\u00a0KAPAKLI \/ TEK\u0130RDA\u011e<\/p>\n<p><\/p>\t\t\t\t\t\t\t\t<\/div>\n\t\t\t\t<\/div>\n\t\t\t\t\t<\/div>\n\t\t<\/div>\n\t\t\t\t<div class=\"elementor-column elementor-col-50 elementor-top-column elementor-element elementor-element-9b9fea2\" data-id=\"9b9fea2\" data-element_type=\"column\" data-e-type=\"column\">\n\t\t\t<div class=\"elementor-widget-wrap elementor-element-populated\">\n\t\t\t\t\t\t<div class=\"elementor-element elementor-element-33d7aea elementor-widget elementor-widget-wpforms\" data-id=\"33d7aea\" data-element_type=\"widget\" data-e-type=\"widget\" data-widget_type=\"wpforms.default\">\n\t\t\t\t<div class=\"elementor-widget-container\">\n\t\t\t\t\t<div class=\"wpforms-container wpforms-container-full\" id=\"wpforms-249\"><form id=\"wpforms-form-249\" class=\"wpforms-validate wpforms-form wpforms-ajax-form\" data-formid=\"249\" method=\"post\" enctype=\"multipart\/form-data\" action=\"\/index.php?rest_route=%2Fwp%2Fv2%2Fpages%2F68\" data-token=\"58e4e4e0cfa3cdd42288dc150f975e3d\" data-token-time=\"1776602473\"><noscript class=\"wpforms-error-noscript\">Bu formu bitirebilmek i\u00e7in taray\u0131c\u0131n\u0131zda JavaScript&#039;i etkinle\u015ftirin.<\/noscript><div class=\"wpforms-field-container\"><div id=\"wpforms-249-field_0-container\" class=\"wpforms-field wpforms-field-name\" data-field-id=\"0\"><label class=\"wpforms-field-label\" for=\"wpforms-249-field_0\">Ad Soyad: <span class=\"wpforms-required-label\">*<\/span><\/label><input type=\"text\" id=\"wpforms-249-field_0\" class=\"wpforms-field-small wpforms-field-required\" name=\"wpforms[fields][0]\" required><\/div><div id=\"wpforms-249-field_1-container\" class=\"wpforms-field wpforms-field-email\" data-field-id=\"1\"><label class=\"wpforms-field-label\" for=\"wpforms-249-field_1\">E-mail: <span class=\"wpforms-required-label\">*<\/span><\/label><input type=\"email\" id=\"wpforms-249-field_1\" class=\"wpforms-field-medium wpforms-field-required\" name=\"wpforms[fields][1]\" spellcheck=\"false\" required><\/div><div id=\"wpforms-249-field_4-container\" class=\"wpforms-field wpforms-field-number\" data-field-id=\"4\"><label class=\"wpforms-field-label\" for=\"wpforms-249-field_4\">Telefon: <span class=\"wpforms-required-label\">*<\/span><\/label><input type=\"number\" id=\"wpforms-249-field_4\" class=\"wpforms-field-medium wpforms-field-required\" name=\"wpforms[fields][4]\" step=\"any\" required><\/div><div id=\"wpforms-249-field_5-container\" class=\"wpforms-field wpforms-field-text\" data-field-id=\"5\"><label class=\"wpforms-field-label\" for=\"wpforms-249-field_5\">Konu:<\/label><input type=\"text\" id=\"wpforms-249-field_5\" class=\"wpforms-field-medium\" name=\"wpforms[fields][5]\" ><\/div><div id=\"wpforms-249-field_2-container\" class=\"wpforms-field wpforms-field-textarea\" data-field-id=\"2\"><label class=\"wpforms-field-label\" for=\"wpforms-249-field_2\">Mesaj:<\/label><textarea id=\"wpforms-249-field_2\" class=\"wpforms-field-medium\" name=\"wpforms[fields][2]\" ><\/textarea><\/div><\/div><!-- .wpforms-field-container --><div class=\"wpforms-submit-container\" ><input type=\"hidden\" name=\"wpforms[id]\" value=\"249\"><input type=\"hidden\" name=\"page_title\" value=\"\"><input type=\"hidden\" name=\"page_url\" value=\"http:\/\/www.vardarlaryapi.com\/index.php?rest_route=\/wp\/v2\/pages\/68\"><input type=\"hidden\" name=\"url_referer\" value=\"\"><button type=\"submit\" name=\"wpforms[submit]\" id=\"wpforms-submit-249\" class=\"wpforms-submit\" data-alt-text=\"G\u00f6nderiliyor...\" data-submit-text=\"G\u00f6nder\" aria-live=\"assertive\" value=\"wpforms-submit\">G\u00f6nder<\/button><img decoding=\"async\" src=\"http:\/\/www.vardarlaryapi.com\/wp-content\/plugins\/wpforms-lite\/assets\/images\/submit-spin.svg\" class=\"wpforms-submit-spinner\" style=\"display: none;\" width=\"26\" height=\"26\" alt=\"Y\u00fckleniyor\"><\/div><\/form><\/div>  <!-- .wpforms-container -->\t\t\t\t<\/div>\n\t\t\t\t<\/div>\n\t\t\t\t\t<\/div>\n\t\t<\/div>\n\t\t\t\t\t<\/div>\n\t\t<\/section>\n\t\t\t\t<\/div>\n\t\t","protected":false},"excerpt":{"rendered":"<p>\u00a0Ofis Muhasebe :\u00a0+0(282)726 89 89 \u00a0Ofis\u00a0Muhasebe\u00a0:\u00a0+0(506)918 51 82\u00a0 \u00a0 Ofis Fax:\u00a0+0(282)726 82 88 \u00a0\u00a0Ara\u00e7 Tedarik\u00a0:\u00a0+0(532)281 11 18 \u00a0\u00a0Ara\u00e7\u00a0Tedarik:\u00a0 0(533)206 61 42\u00a0 \u00a0 \u00a0Mail :\u00a0info@vardarlaryapi.com \u00a0\u00a0Adres:\u00a0M\u0130MAR S\u0130NAN MAHALLES\u0130 145. SOKAK NO:25\/A\u00a0\u00a0KAPAKLI \/ TEK\u0130RDA\u011e<\/p>\n","protected":false},"author":1,"featured_media":0,"parent":0,"menu_order":0,"comment_status":"closed","ping_status":"closed","template":"","meta":{"site-sidebar-layout":"no-sidebar","site-content-layout":"page-builder","ast-site-content-layout":"default","site-content-style":"default","site-sidebar-style":"default","ast-global-header-display":"","ast-banner-title-visibility":"","ast-main-header-display":"","ast-hfb-above-header-display":"","ast-hfb-below-header-display":"","ast-hfb-mobile-header-display":"","site-post-title":"disabled","ast-breadcrumbs-content":"","ast-featured-img":"disabled","footer-sml-layout":"","ast-disable-related-posts":"","theme-transparent-header-meta":"","adv-header-id-meta":"","stick-header-meta":"","header-above-stick-meta":"","header-main-stick-meta":"","header-below-stick-meta":"","astra-migrate-meta-layouts":"default","ast-page-background-enabled":"default","ast-page-background-meta":{"desktop":{"background-color":"var(--ast-global-color-4)","background-image":"","background-repeat":"repeat","background-position":"center center","background-size":"auto","background-attachment":"scroll","background-type":"","background-media":"","overlay-type":"","overlay-color":"","overlay-opacity":"","overlay-gradient":""},"tablet":{"background-color":"","background-image":"","background-repeat":"repeat","background-position":"center center","background-size":"auto","background-attachment":"scroll","background-type":"","background-media":"","overlay-type":"","overlay-color":"","overlay-opacity":"","overlay-gradient":""},"mobile":{"background-color":"","background-image":"","background-repeat":"repeat","background-position":"center center","background-size":"auto","background-attachment":"scroll","background-type":"","background-media":"","overlay-type":"","overlay-color":"","overlay-opacity":"","overlay-gradient":""}},"ast-content-background-meta":{"desktop":{"background-color":"var(--ast-global-color-5)","background-image":"","background-repeat":"repeat","background-position":"center center","background-size":"auto","background-attachment":"scroll","background-type":"","background-media":"","overlay-type":"","overlay-color":"","overlay-opacity":"","overlay-gradient":""},"tablet":{"background-color":"var(--ast-global-color-5)","background-image":"","background-repeat":"repeat","background-position":"center center","background-size":"auto","background-attachment":"scroll","background-type":"","background-media":"","overlay-type":"","overlay-color":"","overlay-opacity":"","overlay-gradient":""},"mobile":{"background-color":"var(--ast-global-color-5)","background-image":"","background-repeat":"repeat","background-position":"center center","background-size":"auto","background-attachment":"scroll","background-type":"","background-media":"","overlay-type":"","overlay-color":"","overlay-opacity":"","overlay-gradient":""}},"footnotes":""},"class_list":["post-68","page","type-page","status-publish","hentry"],"yoast_head":"<!-- This site is optimized with the Yoast SEO plugin v27.4 - https:\/\/yoast.com\/product\/yoast-seo-wordpress\/ -->\n<title>\u0130leti\u015fim - Vardarlar Yap\u0131<\/title>\n<meta name=\"robots\" content=\"index, follow, max-snippet:-1, max-image-preview:large, max-video-preview:-1\" \/>\n<link rel=\"canonical\" href=\"http:\/\/www.vardarlaryapi.com\/?page_id=68\" \/>\n<meta property=\"og:locale\" content=\"tr_TR\" \/>\n<meta property=\"og:type\" content=\"article\" \/>\n<meta property=\"og:title\" content=\"\u0130leti\u015fim - Vardarlar Yap\u0131\" \/>\n<meta property=\"og:description\" content=\"\u00a0Ofis Muhasebe :\u00a0+0(282)726 89 89 \u00a0Ofis\u00a0Muhasebe\u00a0:\u00a0+0(506)918 51 82\u00a0 \u00a0 Ofis Fax:\u00a0+0(282)726 82 88 \u00a0\u00a0Ara\u00e7 Tedarik\u00a0:\u00a0+0(532)281 11 18 \u00a0\u00a0Ara\u00e7\u00a0Tedarik:\u00a0 0(533)206 61 42\u00a0 \u00a0 \u00a0Mail :\u00a0info@vardarlaryapi.com \u00a0\u00a0Adres:\u00a0M\u0130MAR S\u0130NAN MAHALLES\u0130 145. SOKAK NO:25\/A\u00a0\u00a0KAPAKLI \/ TEK\u0130RDA\u011e\" \/>\n<meta property=\"og:url\" content=\"http:\/\/www.vardarlaryapi.com\/?page_id=68\" \/>\n<meta property=\"og:site_name\" content=\"Vardarlar Yap\u0131\" \/>\n<meta property=\"article:modified_time\" content=\"2022-12-07T16:54:23+00:00\" \/>\n<meta name=\"twitter:card\" content=\"summary_large_image\" \/>\n<meta name=\"twitter:label1\" content=\"Tahmini okuma s\u00fcresi\" \/>\n\t<meta name=\"twitter:data1\" content=\"1 dakika\" \/>\n<script type=\"application\/ld+json\" class=\"yoast-schema-graph\">{\"@context\":\"https:\\\/\\\/schema.org\",\"@graph\":[{\"@type\":\"WebPage\",\"@id\":\"http:\\\/\\\/www.vardarlaryapi.com\\\/?page_id=68\",\"url\":\"http:\\\/\\\/www.vardarlaryapi.com\\\/?page_id=68\",\"name\":\"\u0130leti\u015fim - Vardarlar Yap\u0131\",\"isPartOf\":{\"@id\":\"http:\\\/\\\/www.vardarlaryapi.com\\\/#website\"},\"datePublished\":\"2022-11-16T13:53:13+00:00\",\"dateModified\":\"2022-12-07T16:54:23+00:00\",\"breadcrumb\":{\"@id\":\"http:\\\/\\\/www.vardarlaryapi.com\\\/?page_id=68#breadcrumb\"},\"inLanguage\":\"tr\",\"potentialAction\":[{\"@type\":\"ReadAction\",\"target\":[\"http:\\\/\\\/www.vardarlaryapi.com\\\/?page_id=68\"]}]},{\"@type\":\"BreadcrumbList\",\"@id\":\"http:\\\/\\\/www.vardarlaryapi.com\\\/?page_id=68#breadcrumb\",\"itemListElement\":[{\"@type\":\"ListItem\",\"position\":1,\"name\":\"Anasayfa\",\"item\":\"http:\\\/\\\/www.vardarlaryapi.com\\\/\"},{\"@type\":\"ListItem\",\"position\":2,\"name\":\"\u0130leti\u015fim\"}]},{\"@type\":\"WebSite\",\"@id\":\"http:\\\/\\\/www.vardarlaryapi.com\\\/#website\",\"url\":\"http:\\\/\\\/www.vardarlaryapi.com\\\/\",\"name\":\"Vardarlar Yap\u0131\",\"description\":\"\",\"publisher\":{\"@id\":\"http:\\\/\\\/www.vardarlaryapi.com\\\/#organization\"},\"potentialAction\":[{\"@type\":\"SearchAction\",\"target\":{\"@type\":\"EntryPoint\",\"urlTemplate\":\"http:\\\/\\\/www.vardarlaryapi.com\\\/?s={search_term_string}\"},\"query-input\":{\"@type\":\"PropertyValueSpecification\",\"valueRequired\":true,\"valueName\":\"search_term_string\"}}],\"inLanguage\":\"tr\"},{\"@type\":\"Organization\",\"@id\":\"http:\\\/\\\/www.vardarlaryapi.com\\\/#organization\",\"name\":\"Vardarlar Yap\u0131\",\"url\":\"http:\\\/\\\/www.vardarlaryapi.com\\\/\",\"logo\":{\"@type\":\"ImageObject\",\"inLanguage\":\"tr\",\"@id\":\"http:\\\/\\\/www.vardarlaryapi.com\\\/#\\\/schema\\\/logo\\\/image\\\/\",\"url\":\"http:\\\/\\\/www.vardarlaryapi.com\\\/\\\/wp-content\\\/uploads\\\/2022\\\/11\\\/cropped-logo-1.png\",\"contentUrl\":\"http:\\\/\\\/www.vardarlaryapi.com\\\/\\\/wp-content\\\/uploads\\\/2022\\\/11\\\/cropped-logo-1.png\",\"width\":300,\"height\":100,\"caption\":\"Vardarlar Yap\u0131\"},\"image\":{\"@id\":\"http:\\\/\\\/www.vardarlaryapi.com\\\/#\\\/schema\\\/logo\\\/image\\\/\"}}]}<\/script>\n<!-- \/ Yoast SEO plugin. -->","yoast_head_json":{"title":"\u0130leti\u015fim - Vardarlar Yap\u0131","robots":{"index":"index","follow":"follow","max-snippet":"max-snippet:-1","max-image-preview":"max-image-preview:large","max-video-preview":"max-video-preview:-1"},"canonical":"http:\/\/www.vardarlaryapi.com\/?page_id=68","og_locale":"tr_TR","og_type":"article","og_title":"\u0130leti\u015fim - Vardarlar Yap\u0131","og_description":"\u00a0Ofis Muhasebe :\u00a0+0(282)726 89 89 \u00a0Ofis\u00a0Muhasebe\u00a0:\u00a0+0(506)918 51 82\u00a0 \u00a0 Ofis Fax:\u00a0+0(282)726 82 88 \u00a0\u00a0Ara\u00e7 Tedarik\u00a0:\u00a0+0(532)281 11 18 \u00a0\u00a0Ara\u00e7\u00a0Tedarik:\u00a0 0(533)206 61 42\u00a0 \u00a0 \u00a0Mail :\u00a0info@vardarlaryapi.com \u00a0\u00a0Adres:\u00a0M\u0130MAR S\u0130NAN MAHALLES\u0130 145. SOKAK NO:25\/A\u00a0\u00a0KAPAKLI \/ TEK\u0130RDA\u011e","og_url":"http:\/\/www.vardarlaryapi.com\/?page_id=68","og_site_name":"Vardarlar Yap\u0131","article_modified_time":"2022-12-07T16:54:23+00:00","twitter_card":"summary_large_image","twitter_misc":{"Tahmini okuma s\u00fcresi":"1 dakika"},"schema":{"@context":"https:\/\/schema.org","@graph":[{"@type":"WebPage","@id":"http:\/\/www.vardarlaryapi.com\/?page_id=68","url":"http:\/\/www.vardarlaryapi.com\/?page_id=68","name":"\u0130leti\u015fim - Vardarlar Yap\u0131","isPartOf":{"@id":"http:\/\/www.vardarlaryapi.com\/#website"},"datePublished":"2022-11-16T13:53:13+00:00","dateModified":"2022-12-07T16:54:23+00:00","breadcrumb":{"@id":"http:\/\/www.vardarlaryapi.com\/?page_id=68#breadcrumb"},"inLanguage":"tr","potentialAction":[{"@type":"ReadAction","target":["http:\/\/www.vardarlaryapi.com\/?page_id=68"]}]},{"@type":"BreadcrumbList","@id":"http:\/\/www.vardarlaryapi.com\/?page_id=68#breadcrumb","itemListElement":[{"@type":"ListItem","position":1,"name":"Anasayfa","item":"http:\/\/www.vardarlaryapi.com\/"},{"@type":"ListItem","position":2,"name":"\u0130leti\u015fim"}]},{"@type":"WebSite","@id":"http:\/\/www.vardarlaryapi.com\/#website","url":"http:\/\/www.vardarlaryapi.com\/","name":"Vardarlar Yap\u0131","description":"","publisher":{"@id":"http:\/\/www.vardarlaryapi.com\/#organization"},"potentialAction":[{"@type":"SearchAction","target":{"@type":"EntryPoint","urlTemplate":"http:\/\/www.vardarlaryapi.com\/?s={search_term_string}"},"query-input":{"@type":"PropertyValueSpecification","valueRequired":true,"valueName":"search_term_string"}}],"inLanguage":"tr"},{"@type":"Organization","@id":"http:\/\/www.vardarlaryapi.com\/#organization","name":"Vardarlar Yap\u0131","url":"http:\/\/www.vardarlaryapi.com\/","logo":{"@type":"ImageObject","inLanguage":"tr","@id":"http:\/\/www.vardarlaryapi.com\/#\/schema\/logo\/image\/","url":"http:\/\/www.vardarlaryapi.com\/\/wp-content\/uploads\/2022\/11\/cropped-logo-1.png","contentUrl":"http:\/\/www.vardarlaryapi.com\/\/wp-content\/uploads\/2022\/11\/cropped-logo-1.png","width":300,"height":100,"caption":"Vardarlar Yap\u0131"},"image":{"@id":"http:\/\/www.vardarlaryapi.com\/#\/schema\/logo\/image\/"}}]}},"_links":{"self":[{"href":"http:\/\/www.vardarlaryapi.com\/index.php?rest_route=\/wp\/v2\/pages\/68","targetHints":{"allow":["GET"]}}],"collection":[{"href":"http:\/\/www.vardarlaryapi.com\/index.php?rest_route=\/wp\/v2\/pages"}],"about":[{"href":"http:\/\/www.vardarlaryapi.com\/index.php?rest_route=\/wp\/v2\/types\/page"}],"author":[{"embeddable":true,"href":"http:\/\/www.vardarlaryapi.com\/index.php?rest_route=\/wp\/v2\/users\/1"}],"replies":[{"embeddable":true,"href":"http:\/\/www.vardarlaryapi.com\/index.php?rest_route=%2Fwp%2Fv2%2Fcomments&post=68"}],"version-history":[{"count":34,"href":"http:\/\/www.vardarlaryapi.com\/index.php?rest_route=\/wp\/v2\/pages\/68\/revisions"}],"predecessor-version":[{"id":538,"href":"http:\/\/www.vardarlaryapi.com\/index.php?rest_route=\/wp\/v2\/pages\/68\/revisions\/538"}],"wp:attachment":[{"href":"http:\/\/www.vardarlaryapi.com\/index.php?rest_route=%2Fwp%2Fv2%2Fmedia&parent=68"}],"curies":[{"name":"wp","href":"https:\/\/api.w.org\/{rel}","templated":true}]}}