{"id":63,"date":"2022-11-16T13:43:37","date_gmt":"2022-11-16T13:43:37","guid":{"rendered":"http:\/\/www.vardarlaryapi.com\/?page_id=63"},"modified":"2022-11-16T13:43:37","modified_gmt":"2022-11-16T13:43:37","slug":"hakkimizda","status":"publish","type":"page","link":"http:\/\/www.vardarlaryapi.com\/?page_id=63","title":{"rendered":"Hakk\u0131m\u0131zda"},"content":{"rendered":"\n<p>Temelleri 1973 y\u0131l\u0131nda Tahir VARDAR taraf\u0131ndan \u00c7ERKEZK\u00d6Y&#8217;de at\u0131lan VARDARLAR YAPI, bug\u00fcn Ayhan VARDAR \u00f6nderli\u011finde devam ettirilen bir aile \u015firketidir. Yar\u0131m as\u0131ra yakla\u015fan yolculu\u011funda &#8220;\u0130nsan \u0130\u00e7in Tasar\u0131m&#8221; ilkesini birincil felsefe olarak benimsemi\u015f olan VARDARLAR YAPI, Trakya&#8217;n\u0131n in\u015faat sekt\u00f6r\u00fcndeki en sayg\u0131n kurulu\u015flar\u0131ndan biridir.<\/p>\n\n\n\n<p>\u0130n\u015faat sekt\u00f6r\u00fcn\u00fcn yan\u0131 s\u0131ra Altyap\u0131 sekt\u00f6r\u00fcnde de yat\u0131r\u0131mlar yaparak geli\u015fimini s\u00fcrd\u00fcren ve b\u00f6lgesel lider olma vizyonuyla hareket eden VARDARLAR YAPI, kurulu\u015fundan bug\u00fcne yerel b\u00f6lgede\u00e7ok say\u0131da projeye imza atm\u0131\u015ft\u0131r.<\/p>\n\n\n\n<p>VARDARLAR YAPI, bulundu\u011fu alan\u0131 etkin ve \u00e7evreye duyarl\u0131 bir \u015fekilde kullanarak, \u00fcst\u00fcn niteliklere sahip yap\u0131lar \u00fcreterek insanlara konforu ve prestiji sunar ve insanlar\u0131n sa\u011fl\u0131k ve konforunu koruyan &#8220;Do\u011fru Ya\u015fam Alanlar\u0131&#8221; \u00fcretmeyi hedefler. T\u00fcm projelerinde ana strateji, &#8220;Ya\u015fam Kalitesi&#8221;ni art\u0131rmaya y\u00f6neliktir.<\/p>\n\n\n\n<p>VARDARLAR YAPI&#8217;n\u0131n sekt\u00f6rde ula\u015ft\u0131\u011f\u0131 ba\u015far\u0131n\u0131n ard\u0131nda, m\u00fc\u015fteri odakl\u0131 ve g\u00fcveni merkez alan bir y\u00f6netim anlay\u0131\u015f\u0131 mevcuttur. \u201cVerdi\u011fi s\u00f6zleri yerine getirmenin\u201d hakl\u0131 gururunu ya\u015famaktad\u0131r.<\/p>\n\n\n\n<p>Sizlerle beraber daima daha iyiye ve g\u00fczel g\u00fcnlere<\/p>\n\n\n\n<h2 class=\"wp-block-heading\">Misyonumuz<\/h2>\n\n\n\n<p>En \u00fcst seviyede m\u00fc\u015fteri tatmini sa\u011flamak, S\u00f6zle\u015fmede tan\u0131mlanan taahh\u00fctlerimiz eksiksiz olarak yerine getirmek En geli\u015fmi\u015f teknoloji ve en deneyimli i\u015f g\u00fcc\u00fcn\u00fc kullanarak, en az maliyetle istenen kaliteyi sa\u011flamak.<\/p>\n\n\n\n<h2 class=\"wp-block-heading\">Vizyonumuz<\/h2>\n\n\n\n<p>\u0130\u015fimizde farkl\u0131l\u0131k olu\u015fturarak, kal\u0131c\u0131 m\u00fc\u015fteri memnuniyetini korurken, \u00e7evreye ve do\u011faya duyarl\u0131 T\u00fcrkiye i\u00e7in \u00fclkemize katk\u0131m\u0131z\u0131 s\u00fcrekli olarak artt\u0131rmak.<\/p>\n","protected":false},"excerpt":{"rendered":"<p>Temelleri 1973 y\u0131l\u0131nda Tahir VARDAR taraf\u0131ndan \u00c7ERKEZK\u00d6Y&#8217;de at\u0131lan VARDARLAR YAPI, bug\u00fcn Ayhan VARDAR \u00f6nderli\u011finde devam ettirilen bir aile \u015firketidir. Yar\u0131m as\u0131ra yakla\u015fan yolculu\u011funda &#8220;\u0130nsan \u0130\u00e7in Tasar\u0131m&#8221; ilkesini birincil felsefe olarak benimsemi\u015f olan VARDARLAR YAPI, Trakya&#8217;n\u0131n in\u015faat sekt\u00f6r\u00fcndeki en sayg\u0131n kurulu\u015flar\u0131ndan biridir. \u0130n\u015faat sekt\u00f6r\u00fcn\u00fcn yan\u0131 s\u0131ra Altyap\u0131 sekt\u00f6r\u00fcnde de yat\u0131r\u0131mlar yaparak geli\u015fimini s\u00fcrd\u00fcren ve b\u00f6lgesel lider [&hellip;]<\/p>\n","protected":false},"author":1,"featured_media":0,"parent":0,"menu_order":0,"comment_status":"closed","ping_status":"closed","template":"","meta":{"site-sidebar-layout":"default","site-content-layout":"","ast-site-content-layout":"default","site-content-style":"default","site-sidebar-style":"default","ast-global-header-display":"","ast-banner-title-visibility":"","ast-main-header-display":"","ast-hfb-above-header-display":"","ast-hfb-below-header-display":"","ast-hfb-mobile-header-display":"","site-post-title":"","ast-breadcrumbs-content":"","ast-featured-img":"","footer-sml-layout":"","ast-disable-related-posts":"","theme-transparent-header-meta":"","adv-header-id-meta":"","stick-header-meta":"","header-above-stick-meta":"","header-main-stick-meta":"","header-below-stick-meta":"","astra-migrate-meta-layouts":"default","ast-page-background-enabled":"default","ast-page-background-meta":{"desktop":{"background-color":"var(--ast-global-color-4)","background-image":"","background-repeat":"repeat","background-position":"center center","background-size":"auto","background-attachment":"scroll","background-type":"","background-media":"","overlay-type":"","overlay-color":"","overlay-opacity":"","overlay-gradient":""},"tablet":{"background-color":"","background-image":"","background-repeat":"repeat","background-position":"center center","background-size":"auto","background-attachment":"scroll","background-type":"","background-media":"","overlay-type":"","overlay-color":"","overlay-opacity":"","overlay-gradient":""},"mobile":{"background-color":"","background-image":"","background-repeat":"repeat","background-position":"center center","background-size":"auto","background-attachment":"scroll","background-type":"","background-media":"","overlay-type":"","overlay-color":"","overlay-opacity":"","overlay-gradient":""}},"ast-content-background-meta":{"desktop":{"background-color":"var(--ast-global-color-5)","background-image":"","background-repeat":"repeat","background-position":"center center","background-size":"auto","background-attachment":"scroll","background-type":"","background-media":"","overlay-type":"","overlay-color":"","overlay-opacity":"","overlay-gradient":""},"tablet":{"background-color":"var(--ast-global-color-5)","background-image":"","background-repeat":"repeat","background-position":"center center","background-size":"auto","background-attachment":"scroll","background-type":"","background-media":"","overlay-type":"","overlay-color":"","overlay-opacity":"","overlay-gradient":""},"mobile":{"background-color":"var(--ast-global-color-5)","background-image":"","background-repeat":"repeat","background-position":"center center","background-size":"auto","background-attachment":"scroll","background-type":"","background-media":"","overlay-type":"","overlay-color":"","overlay-opacity":"","overlay-gradient":""}},"footnotes":""},"class_list":["post-63","page","type-page","status-publish","hentry"],"yoast_head":"<!-- This site is optimized with the Yoast SEO plugin v27.4 - https:\/\/yoast.com\/product\/yoast-seo-wordpress\/ -->\n<title>Hakk\u0131m\u0131zda - Vardarlar Yap\u0131<\/title>\n<meta name=\"robots\" content=\"index, follow, max-snippet:-1, max-image-preview:large, max-video-preview:-1\" \/>\n<link rel=\"canonical\" href=\"http:\/\/www.vardarlaryapi.com\/?page_id=63\" \/>\n<meta property=\"og:locale\" content=\"tr_TR\" \/>\n<meta property=\"og:type\" content=\"article\" \/>\n<meta property=\"og:title\" content=\"Hakk\u0131m\u0131zda - Vardarlar Yap\u0131\" \/>\n<meta property=\"og:description\" content=\"Temelleri 1973 y\u0131l\u0131nda Tahir VARDAR taraf\u0131ndan \u00c7ERKEZK\u00d6Y&#8217;de at\u0131lan VARDARLAR YAPI, bug\u00fcn Ayhan VARDAR \u00f6nderli\u011finde devam ettirilen bir aile \u015firketidir. Yar\u0131m as\u0131ra yakla\u015fan yolculu\u011funda &#8220;\u0130nsan \u0130\u00e7in Tasar\u0131m&#8221; ilkesini birincil felsefe olarak benimsemi\u015f olan VARDARLAR YAPI, Trakya&#8217;n\u0131n in\u015faat sekt\u00f6r\u00fcndeki en sayg\u0131n kurulu\u015flar\u0131ndan biridir. \u0130n\u015faat sekt\u00f6r\u00fcn\u00fcn yan\u0131 s\u0131ra Altyap\u0131 sekt\u00f6r\u00fcnde de yat\u0131r\u0131mlar yaparak geli\u015fimini s\u00fcrd\u00fcren ve b\u00f6lgesel lider [&hellip;]\" \/>\n<meta property=\"og:url\" content=\"http:\/\/www.vardarlaryapi.com\/?page_id=63\" \/>\n<meta property=\"og:site_name\" content=\"Vardarlar Yap\u0131\" \/>\n<meta name=\"twitter:card\" content=\"summary_large_image\" \/>\n<meta name=\"twitter:label1\" content=\"Tahmini okuma s\u00fcresi\" \/>\n\t<meta name=\"twitter:data1\" content=\"1 dakika\" \/>\n<script type=\"application\/ld+json\" class=\"yoast-schema-graph\">{\"@context\":\"https:\\\/\\\/schema.org\",\"@graph\":[{\"@type\":\"WebPage\",\"@id\":\"http:\\\/\\\/www.vardarlaryapi.com\\\/?page_id=63\",\"url\":\"http:\\\/\\\/www.vardarlaryapi.com\\\/?page_id=63\",\"name\":\"Hakk\u0131m\u0131zda - Vardarlar Yap\u0131\",\"isPartOf\":{\"@id\":\"http:\\\/\\\/www.vardarlaryapi.com\\\/#website\"},\"datePublished\":\"2022-11-16T13:43:37+00:00\",\"breadcrumb\":{\"@id\":\"http:\\\/\\\/www.vardarlaryapi.com\\\/?page_id=63#breadcrumb\"},\"inLanguage\":\"tr\",\"potentialAction\":[{\"@type\":\"ReadAction\",\"target\":[\"http:\\\/\\\/www.vardarlaryapi.com\\\/?page_id=63\"]}]},{\"@type\":\"BreadcrumbList\",\"@id\":\"http:\\\/\\\/www.vardarlaryapi.com\\\/?page_id=63#breadcrumb\",\"itemListElement\":[{\"@type\":\"ListItem\",\"position\":1,\"name\":\"Anasayfa\",\"item\":\"http:\\\/\\\/www.vardarlaryapi.com\\\/\"},{\"@type\":\"ListItem\",\"position\":2,\"name\":\"Hakk\u0131m\u0131zda\"}]},{\"@type\":\"WebSite\",\"@id\":\"http:\\\/\\\/www.vardarlaryapi.com\\\/#website\",\"url\":\"http:\\\/\\\/www.vardarlaryapi.com\\\/\",\"name\":\"Vardarlar Yap\u0131\",\"description\":\"\",\"publisher\":{\"@id\":\"http:\\\/\\\/www.vardarlaryapi.com\\\/#organization\"},\"potentialAction\":[{\"@type\":\"SearchAction\",\"target\":{\"@type\":\"EntryPoint\",\"urlTemplate\":\"http:\\\/\\\/www.vardarlaryapi.com\\\/?s={search_term_string}\"},\"query-input\":{\"@type\":\"PropertyValueSpecification\",\"valueRequired\":true,\"valueName\":\"search_term_string\"}}],\"inLanguage\":\"tr\"},{\"@type\":\"Organization\",\"@id\":\"http:\\\/\\\/www.vardarlaryapi.com\\\/#organization\",\"name\":\"Vardarlar Yap\u0131\",\"url\":\"http:\\\/\\\/www.vardarlaryapi.com\\\/\",\"logo\":{\"@type\":\"ImageObject\",\"inLanguage\":\"tr\",\"@id\":\"http:\\\/\\\/www.vardarlaryapi.com\\\/#\\\/schema\\\/logo\\\/image\\\/\",\"url\":\"http:\\\/\\\/www.vardarlaryapi.com\\\/\\\/wp-content\\\/uploads\\\/2022\\\/11\\\/cropped-logo-1.png\",\"contentUrl\":\"http:\\\/\\\/www.vardarlaryapi.com\\\/\\\/wp-content\\\/uploads\\\/2022\\\/11\\\/cropped-logo-1.png\",\"width\":300,\"height\":100,\"caption\":\"Vardarlar Yap\u0131\"},\"image\":{\"@id\":\"http:\\\/\\\/www.vardarlaryapi.com\\\/#\\\/schema\\\/logo\\\/image\\\/\"}}]}<\/script>\n<!-- \/ Yoast SEO plugin. -->","yoast_head_json":{"title":"Hakk\u0131m\u0131zda - Vardarlar Yap\u0131","robots":{"index":"index","follow":"follow","max-snippet":"max-snippet:-1","max-image-preview":"max-image-preview:large","max-video-preview":"max-video-preview:-1"},"canonical":"http:\/\/www.vardarlaryapi.com\/?page_id=63","og_locale":"tr_TR","og_type":"article","og_title":"Hakk\u0131m\u0131zda - Vardarlar Yap\u0131","og_description":"Temelleri 1973 y\u0131l\u0131nda Tahir VARDAR taraf\u0131ndan \u00c7ERKEZK\u00d6Y&#8217;de at\u0131lan VARDARLAR YAPI, bug\u00fcn Ayhan VARDAR \u00f6nderli\u011finde devam ettirilen bir aile \u015firketidir. Yar\u0131m as\u0131ra yakla\u015fan yolculu\u011funda &#8220;\u0130nsan \u0130\u00e7in Tasar\u0131m&#8221; ilkesini birincil felsefe olarak benimsemi\u015f olan VARDARLAR YAPI, Trakya&#8217;n\u0131n in\u015faat sekt\u00f6r\u00fcndeki en sayg\u0131n kurulu\u015flar\u0131ndan biridir. \u0130n\u015faat sekt\u00f6r\u00fcn\u00fcn yan\u0131 s\u0131ra Altyap\u0131 sekt\u00f6r\u00fcnde de yat\u0131r\u0131mlar yaparak geli\u015fimini s\u00fcrd\u00fcren ve b\u00f6lgesel lider [&hellip;]","og_url":"http:\/\/www.vardarlaryapi.com\/?page_id=63","og_site_name":"Vardarlar Yap\u0131","twitter_card":"summary_large_image","twitter_misc":{"Tahmini okuma s\u00fcresi":"1 dakika"},"schema":{"@context":"https:\/\/schema.org","@graph":[{"@type":"WebPage","@id":"http:\/\/www.vardarlaryapi.com\/?page_id=63","url":"http:\/\/www.vardarlaryapi.com\/?page_id=63","name":"Hakk\u0131m\u0131zda - Vardarlar Yap\u0131","isPartOf":{"@id":"http:\/\/www.vardarlaryapi.com\/#website"},"datePublished":"2022-11-16T13:43:37+00:00","breadcrumb":{"@id":"http:\/\/www.vardarlaryapi.com\/?page_id=63#breadcrumb"},"inLanguage":"tr","potentialAction":[{"@type":"ReadAction","target":["http:\/\/www.vardarlaryapi.com\/?page_id=63"]}]},{"@type":"BreadcrumbList","@id":"http:\/\/www.vardarlaryapi.com\/?page_id=63#breadcrumb","itemListElement":[{"@type":"ListItem","position":1,"name":"Anasayfa","item":"http:\/\/www.vardarlaryapi.com\/"},{"@type":"ListItem","position":2,"name":"Hakk\u0131m\u0131zda"}]},{"@type":"WebSite","@id":"http:\/\/www.vardarlaryapi.com\/#website","url":"http:\/\/www.vardarlaryapi.com\/","name":"Vardarlar Yap\u0131","description":"","publisher":{"@id":"http:\/\/www.vardarlaryapi.com\/#organization"},"potentialAction":[{"@type":"SearchAction","target":{"@type":"EntryPoint","urlTemplate":"http:\/\/www.vardarlaryapi.com\/?s={search_term_string}"},"query-input":{"@type":"PropertyValueSpecification","valueRequired":true,"valueName":"search_term_string"}}],"inLanguage":"tr"},{"@type":"Organization","@id":"http:\/\/www.vardarlaryapi.com\/#organization","name":"Vardarlar Yap\u0131","url":"http:\/\/www.vardarlaryapi.com\/","logo":{"@type":"ImageObject","inLanguage":"tr","@id":"http:\/\/www.vardarlaryapi.com\/#\/schema\/logo\/image\/","url":"http:\/\/www.vardarlaryapi.com\/\/wp-content\/uploads\/2022\/11\/cropped-logo-1.png","contentUrl":"http:\/\/www.vardarlaryapi.com\/\/wp-content\/uploads\/2022\/11\/cropped-logo-1.png","width":300,"height":100,"caption":"Vardarlar Yap\u0131"},"image":{"@id":"http:\/\/www.vardarlaryapi.com\/#\/schema\/logo\/image\/"}}]}},"_links":{"self":[{"href":"http:\/\/www.vardarlaryapi.com\/index.php?rest_route=\/wp\/v2\/pages\/63","targetHints":{"allow":["GET"]}}],"collection":[{"href":"http:\/\/www.vardarlaryapi.com\/index.php?rest_route=\/wp\/v2\/pages"}],"about":[{"href":"http:\/\/www.vardarlaryapi.com\/index.php?rest_route=\/wp\/v2\/types\/page"}],"author":[{"embeddable":true,"href":"http:\/\/www.vardarlaryapi.com\/index.php?rest_route=\/wp\/v2\/users\/1"}],"replies":[{"embeddable":true,"href":"http:\/\/www.vardarlaryapi.com\/index.php?rest_route=%2Fwp%2Fv2%2Fcomments&post=63"}],"version-history":[{"count":1,"href":"http:\/\/www.vardarlaryapi.com\/index.php?rest_route=\/wp\/v2\/pages\/63\/revisions"}],"predecessor-version":[{"id":64,"href":"http:\/\/www.vardarlaryapi.com\/index.php?rest_route=\/wp\/v2\/pages\/63\/revisions\/64"}],"wp:attachment":[{"href":"http:\/\/www.vardarlaryapi.com\/index.php?rest_route=%2Fwp%2Fv2%2Fmedia&parent=63"}],"curies":[{"name":"wp","href":"https:\/\/api.w.org\/{rel}","templated":true}]}}