{"id":56,"date":"2022-11-16T13:38:46","date_gmt":"2022-11-16T13:38:46","guid":{"rendered":"http:\/\/www.vardarlaryapi.com\/?page_id=56"},"modified":"2022-12-07T16:52:12","modified_gmt":"2022-12-07T16:52:12","slug":"hizmetlerimiz","status":"publish","type":"page","link":"http:\/\/www.vardarlaryapi.com\/?page_id=56","title":{"rendered":"Hizmetlerimiz"},"content":{"rendered":"\t\t<div data-elementor-type=\"wp-page\" data-elementor-id=\"56\" class=\"elementor elementor-56\">\n\t\t\t\t\t\t<section class=\"elementor-section elementor-top-section elementor-element elementor-element-856f7c9 elementor-section-boxed elementor-section-height-default elementor-section-height-default\" data-id=\"856f7c9\" data-element_type=\"section\" data-e-type=\"section\">\n\t\t\t\t\t\t<div class=\"elementor-container elementor-column-gap-default\">\n\t\t\t\t\t<div class=\"elementor-column elementor-col-100 elementor-top-column elementor-element elementor-element-c82d2dc\" data-id=\"c82d2dc\" data-element_type=\"column\" data-e-type=\"column\">\n\t\t\t<div class=\"elementor-widget-wrap elementor-element-populated\">\n\t\t\t\t\t\t<div class=\"elementor-element elementor-element-6122eb7 elementor-widget elementor-widget-accordion\" data-id=\"6122eb7\" data-element_type=\"widget\" data-e-type=\"widget\" data-widget_type=\"accordion.default\">\n\t\t\t\t<div class=\"elementor-widget-container\">\n\t\t\t\t\t\t\t<div class=\"elementor-accordion\">\n\t\t\t\t\t\t\t<div class=\"elementor-accordion-item\">\n\t\t\t\t\t<div id=\"elementor-tab-title-1011\" class=\"elementor-tab-title\" data-tab=\"1\" role=\"button\" aria-controls=\"elementor-tab-content-1011\" aria-expanded=\"false\">\n\t\t\t\t\t\t\t\t\t\t\t\t<a class=\"elementor-accordion-title\" tabindex=\"0\">Kanal A\u00e7ma Ve Temizleme<\/a>\n\t\t\t\t\t<\/div>\n\t\t\t\t\t<div id=\"elementor-tab-content-1011\" class=\"elementor-tab-content elementor-clearfix\" data-tab=\"1\" role=\"region\" aria-labelledby=\"elementor-tab-title-1011\"><h4>Ara\u00e7lar\u0131m\u0131z\u00a0\u015fehir kanalizasyon sisteminde t\u0131kan\u0131kl\u0131klara yol a\u00e7an, kum, \u00e7ak\u0131l, toprak par\u00e7as\u0131, pet \u015fi\u015fe, kat\u0131la\u015fm\u0131\u015f ya\u011f ve foseptik at\u0131klar\u0131n y\u00fcksek bas\u0131n\u00e7l\u0131 suyun par\u00e7alama ve iteleme etkisi ile bertaraf edilmesini ve bulundu\u011fu yerden tahliye edilmesini sa\u011flamaktad\u0131r.<\/h4><\/div>\n\t\t\t\t<\/div>\n\t\t\t\t\t\t\t<div class=\"elementor-accordion-item\">\n\t\t\t\t\t<div id=\"elementor-tab-title-1012\" class=\"elementor-tab-title\" data-tab=\"2\" role=\"button\" aria-controls=\"elementor-tab-content-1012\" aria-expanded=\"false\">\n\t\t\t\t\t\t\t\t\t\t\t\t<a class=\"elementor-accordion-title\" tabindex=\"0\">Kanal G\u00f6r\u00fcnt\u00fcleme<\/a>\n\t\t\t\t\t<\/div>\n\t\t\t\t\t<div id=\"elementor-tab-content-1012\" class=\"elementor-tab-content elementor-clearfix\" data-tab=\"2\" role=\"region\" aria-labelledby=\"elementor-tab-title-1012\"><h4>At\u0131ksu ve ya\u011fmursuyu \u015febeke ve kolekt\u00f6r hatlar\u0131 ile kimyasal ve end\u00fcstriyel at\u0131klar\u0131n ta\u015f\u0131nd\u0131\u011f\u0131 boru hatlar\u0131n\u0131 g\u00f6r\u00fcnt\u00fcleyerek sistemdeki t\u0131kanmalar\u0131 ve ar\u0131zalar\u0131 kesin ve noktasal olarak tespit eder.<\/h4><\/div>\n\t\t\t\t<\/div>\n\t\t\t\t\t\t\t<div class=\"elementor-accordion-item\">\n\t\t\t\t\t<div id=\"elementor-tab-title-1013\" class=\"elementor-tab-title\" data-tab=\"3\" role=\"button\" aria-controls=\"elementor-tab-content-1013\" aria-expanded=\"false\">\n\t\t\t\t\t\t\t\t\t\t\t\t<a class=\"elementor-accordion-title\" tabindex=\"0\">Kanal Yap\u0131m \u0130\u015flemleri<\/a>\n\t\t\t\t\t<\/div>\n\t\t\t\t\t<div id=\"elementor-tab-content-1013\" class=\"elementor-tab-content elementor-clearfix\" data-tab=\"3\" role=\"region\" aria-labelledby=\"elementor-tab-title-1013\"><h4>Teknolojinin uzaktan eri\u015filebildi\u011fi d\u00fcnyam\u0131zda m\u00fckemmel bir altyap\u0131 \u015fartt\u0131r! Vardarlar Yap\u0131\u00a0altyap\u0131 \u00e7\u00f6z\u00fcmlerimiz denenmi\u015flikleri, g\u00fcvenilirlikleri, y\u00fcksek kullanabilirlikleri ve her boyutta organizasyon i\u00e7in \u00f6l\u00e7eklenebilir olma \u00f6zellikleri ile \u00f6ne \u00e7\u0131k\u0131yor.\u00a0<\/h4><\/div>\n\t\t\t\t<\/div>\n\t\t\t\t\t\t\t<div class=\"elementor-accordion-item\">\n\t\t\t\t\t<div id=\"elementor-tab-title-1014\" class=\"elementor-tab-title\" data-tab=\"4\" role=\"button\" aria-controls=\"elementor-tab-content-1014\" aria-expanded=\"false\">\n\t\t\t\t\t\t\t\t\t\t\t\t<a class=\"elementor-accordion-title\" tabindex=\"0\">Kuka Hizmetleri<\/a>\n\t\t\t\t\t<\/div>\n\t\t\t\t\t<div id=\"elementor-tab-content-1014\" class=\"elementor-tab-content elementor-clearfix\" data-tab=\"4\" role=\"region\" aria-labelledby=\"elementor-tab-title-1014\"><h4>20000 lt hacimde tank\u0131 mevcuttur. Silindirik yap\u0131da ve standart olarak DIN EN10025-S235 ve DIN EN10025-S275, AISI304, AISI316 paslanmaz \u00e7elik malzemeden de imal edilmi\u015ftir. Pis su ve temiz su tanklar\u0131 ikiye b\u00f6l\u00fcnm\u00fc\u015f tek bir tank olarak d\u00fczenlenmi\u015f arac\u0131m\u0131zda, temiz ve pis su birbirine kar\u0131\u015fmaz.<\/h4><\/div>\n\t\t\t\t<\/div>\n\t\t\t\t\t\t\t<div class=\"elementor-accordion-item\">\n\t\t\t\t\t<div id=\"elementor-tab-title-1015\" class=\"elementor-tab-title\" data-tab=\"5\" role=\"button\" aria-controls=\"elementor-tab-content-1015\" aria-expanded=\"false\">\n\t\t\t\t\t\t\t\t\t\t\t\t<a class=\"elementor-accordion-title\" tabindex=\"0\">Su Tankeri Hizmetleri<\/a>\n\t\t\t\t\t<\/div>\n\t\t\t\t\t<div id=\"elementor-tab-content-1015\" class=\"elementor-tab-content elementor-clearfix\" data-tab=\"5\" role=\"region\" aria-labelledby=\"elementor-tab-title-1015\"><h4>Kullanma suyu ya\u015fam alanlar\u0131ndan uzak yeralt\u0131ndan sondaj y\u00f6ntemi ile \u00e7\u0131kart\u0131lan ve ayn\u0131 zamanda baz\u0131 filitrelemelerden ge\u00e7erek t\u00fcketime sunulan sudur.\u00a0<\/h4><\/div>\n\t\t\t\t<\/div>\n\t\t\t\t\t\t\t<div class=\"elementor-accordion-item\">\n\t\t\t\t\t<div id=\"elementor-tab-title-1016\" class=\"elementor-tab-title\" data-tab=\"6\" role=\"button\" aria-controls=\"elementor-tab-content-1016\" aria-expanded=\"false\">\n\t\t\t\t\t\t\t\t\t\t\t\t<a class=\"elementor-accordion-title\" tabindex=\"0\">Teknik Temizleme<\/a>\n\t\t\t\t\t<\/div>\n\t\t\t\t\t<div id=\"elementor-tab-content-1016\" class=\"elementor-tab-content elementor-clearfix\" data-tab=\"6\" role=\"region\" aria-labelledby=\"elementor-tab-title-1016\"><h4>Periyodik bak\u0131mlar esnas\u0131nda dolum tesisleri seperat\u00f6r havuzlar\u0131, yak\u0131t tanklar\u0131, boya kabini havuzlar\u0131, fosseptik kuyular\u0131, ar\u0131tma tesisi havuzlar\u0131 vb. at\u0131klar\u0131n muhafaza edildi\u011fi proses kabinlerinin ve a\u00e7\u0131k\/kapal\u0131 kanallar\u0131n temizlenmesi, \u00e7\u0131kan at\u0131klar\u0131n ve at\u0131ksular\u0131n y\u00f6netmeliklere uygun \u015fekilde uzakla\u015ft\u0131r\u0131lmas\u0131 hizmetleri sunulur.<\/h4><\/div>\n\t\t\t\t<\/div>\n\t\t\t\t\t\t\t<div class=\"elementor-accordion-item\">\n\t\t\t\t\t<div id=\"elementor-tab-title-1017\" class=\"elementor-tab-title\" data-tab=\"7\" role=\"button\" aria-controls=\"elementor-tab-content-1017\" aria-expanded=\"false\">\n\t\t\t\t\t\t\t\t\t\t\t\t<a class=\"elementor-accordion-title\" tabindex=\"0\">Vidanj\u00f6r Hizmetleri<\/a>\n\t\t\t\t\t<\/div>\n\t\t\t\t\t<div id=\"elementor-tab-content-1017\" class=\"elementor-tab-content elementor-clearfix\" data-tab=\"7\" role=\"region\" aria-labelledby=\"elementor-tab-title-1017\"><h4>2010 Y\u0131l\u0131 yat\u0131r\u0131m\u0131m\u0131z \u00e7er\u00e7evesinde imalat\u0131n\u0131 yapt\u0131rd\u0131\u011f\u0131m\u0131z vidanj\u00f6r\u00fcm\u00fcz hizmet vermeye ba\u015flam\u0131\u015ft\u0131r.B\u00f6lgemizin ihtiya\u00e7lar\u0131n\u0131 g\u00f6z \u00f6n\u00fcnde bulundurarak imalat\u0131n\u0131 yapt\u0131rm\u0131\u015f oldu\u011fumuz vidanj\u00f6r\u00fcm\u00fcz toplamda 22mt3 kapasiteli olup 4500mt\/h vakum pompas\u0131yla 4 ve 6 parmak giri\u015f ve \u00e7\u0131k\u0131\u015f vanalar\u0131yla ,yatay 50 mt mesafeden dikey 10mt derinlikten s\u0131v\u0131 ve kat\u0131 malzemeyi \u00e7ekecek g\u00fcce sahiptir.<\/h4><\/div>\n\t\t\t\t<\/div>\n\t\t\t\t\t\t\t\t<\/div>\n\t\t\t\t\t\t<\/div>\n\t\t\t\t<\/div>\n\t\t\t\t\t<\/div>\n\t\t<\/div>\n\t\t\t\t\t<\/div>\n\t\t<\/section>\n\t\t\t\t<\/div>\n\t\t","protected":false},"excerpt":{"rendered":"<p>Kanal A\u00e7ma Ve Temizleme Ara\u00e7lar\u0131m\u0131z\u00a0\u015fehir kanalizasyon sisteminde t\u0131kan\u0131kl\u0131klara yol a\u00e7an, kum, \u00e7ak\u0131l, toprak par\u00e7as\u0131, pet \u015fi\u015fe, kat\u0131la\u015fm\u0131\u015f ya\u011f ve foseptik at\u0131klar\u0131n y\u00fcksek bas\u0131n\u00e7l\u0131 suyun par\u00e7alama ve iteleme etkisi ile bertaraf edilmesini ve bulundu\u011fu yerden tahliye edilmesini sa\u011flamaktad\u0131r. Kanal G\u00f6r\u00fcnt\u00fcleme At\u0131ksu ve ya\u011fmursuyu \u015febeke ve kolekt\u00f6r hatlar\u0131 ile kimyasal ve end\u00fcstriyel at\u0131klar\u0131n ta\u015f\u0131nd\u0131\u011f\u0131 boru hatlar\u0131n\u0131 g\u00f6r\u00fcnt\u00fcleyerek [&hellip;]<\/p>\n","protected":false},"author":1,"featured_media":0,"parent":0,"menu_order":0,"comment_status":"closed","ping_status":"closed","template":"","meta":{"site-sidebar-layout":"no-sidebar","site-content-layout":"page-builder","ast-site-content-layout":"default","site-content-style":"default","site-sidebar-style":"default","ast-global-header-display":"","ast-banner-title-visibility":"","ast-main-header-display":"","ast-hfb-above-header-display":"","ast-hfb-below-header-display":"","ast-hfb-mobile-header-display":"","site-post-title":"disabled","ast-breadcrumbs-content":"","ast-featured-img":"disabled","footer-sml-layout":"","ast-disable-related-posts":"","theme-transparent-header-meta":"","adv-header-id-meta":"","stick-header-meta":"","header-above-stick-meta":"","header-main-stick-meta":"","header-below-stick-meta":"","astra-migrate-meta-layouts":"default","ast-page-background-enabled":"default","ast-page-background-meta":{"desktop":{"background-color":"var(--ast-global-color-4)","background-image":"","background-repeat":"repeat","background-position":"center center","background-size":"auto","background-attachment":"scroll","background-type":"","background-media":"","overlay-type":"","overlay-color":"","overlay-opacity":"","overlay-gradient":""},"tablet":{"background-color":"","background-image":"","background-repeat":"repeat","background-position":"center center","background-size":"auto","background-attachment":"scroll","background-type":"","background-media":"","overlay-type":"","overlay-color":"","overlay-opacity":"","overlay-gradient":""},"mobile":{"background-color":"","background-image":"","background-repeat":"repeat","background-position":"center center","background-size":"auto","background-attachment":"scroll","background-type":"","background-media":"","overlay-type":"","overlay-color":"","overlay-opacity":"","overlay-gradient":""}},"ast-content-background-meta":{"desktop":{"background-color":"var(--ast-global-color-5)","background-image":"","background-repeat":"repeat","background-position":"center center","background-size":"auto","background-attachment":"scroll","background-type":"","background-media":"","overlay-type":"","overlay-color":"","overlay-opacity":"","overlay-gradient":""},"tablet":{"background-color":"var(--ast-global-color-5)","background-image":"","background-repeat":"repeat","background-position":"center center","background-size":"auto","background-attachment":"scroll","background-type":"","background-media":"","overlay-type":"","overlay-color":"","overlay-opacity":"","overlay-gradient":""},"mobile":{"background-color":"var(--ast-global-color-5)","background-image":"","background-repeat":"repeat","background-position":"center center","background-size":"auto","background-attachment":"scroll","background-type":"","background-media":"","overlay-type":"","overlay-color":"","overlay-opacity":"","overlay-gradient":""}},"footnotes":""},"class_list":["post-56","page","type-page","status-publish","hentry"],"yoast_head":"<!-- This site is optimized with the Yoast SEO plugin v27.4 - https:\/\/yoast.com\/product\/yoast-seo-wordpress\/ -->\n<title>Hizmetlerimiz - Vardarlar Yap\u0131<\/title>\n<meta name=\"robots\" content=\"index, follow, max-snippet:-1, max-image-preview:large, max-video-preview:-1\" \/>\n<link rel=\"canonical\" href=\"http:\/\/www.vardarlaryapi.com\/?page_id=56\" \/>\n<meta property=\"og:locale\" content=\"tr_TR\" \/>\n<meta property=\"og:type\" content=\"article\" \/>\n<meta property=\"og:title\" content=\"Hizmetlerimiz - Vardarlar Yap\u0131\" \/>\n<meta property=\"og:description\" content=\"Kanal A\u00e7ma Ve Temizleme Ara\u00e7lar\u0131m\u0131z\u00a0\u015fehir kanalizasyon sisteminde t\u0131kan\u0131kl\u0131klara yol a\u00e7an, kum, \u00e7ak\u0131l, toprak par\u00e7as\u0131, pet \u015fi\u015fe, kat\u0131la\u015fm\u0131\u015f ya\u011f ve foseptik at\u0131klar\u0131n y\u00fcksek bas\u0131n\u00e7l\u0131 suyun par\u00e7alama ve iteleme etkisi ile bertaraf edilmesini ve bulundu\u011fu yerden tahliye edilmesini sa\u011flamaktad\u0131r. Kanal G\u00f6r\u00fcnt\u00fcleme At\u0131ksu ve ya\u011fmursuyu \u015febeke ve kolekt\u00f6r hatlar\u0131 ile kimyasal ve end\u00fcstriyel at\u0131klar\u0131n ta\u015f\u0131nd\u0131\u011f\u0131 boru hatlar\u0131n\u0131 g\u00f6r\u00fcnt\u00fcleyerek [&hellip;]\" \/>\n<meta property=\"og:url\" content=\"http:\/\/www.vardarlaryapi.com\/?page_id=56\" \/>\n<meta property=\"og:site_name\" content=\"Vardarlar Yap\u0131\" \/>\n<meta property=\"article:modified_time\" content=\"2022-12-07T16:52:12+00:00\" \/>\n<meta name=\"twitter:card\" content=\"summary_large_image\" \/>\n<meta name=\"twitter:label1\" content=\"Tahmini okuma s\u00fcresi\" \/>\n\t<meta name=\"twitter:data1\" content=\"2 dakika\" \/>\n<script type=\"application\/ld+json\" class=\"yoast-schema-graph\">{\"@context\":\"https:\\\/\\\/schema.org\",\"@graph\":[{\"@type\":\"WebPage\",\"@id\":\"http:\\\/\\\/www.vardarlaryapi.com\\\/?page_id=56\",\"url\":\"http:\\\/\\\/www.vardarlaryapi.com\\\/?page_id=56\",\"name\":\"Hizmetlerimiz - Vardarlar Yap\u0131\",\"isPartOf\":{\"@id\":\"http:\\\/\\\/www.vardarlaryapi.com\\\/#website\"},\"datePublished\":\"2022-11-16T13:38:46+00:00\",\"dateModified\":\"2022-12-07T16:52:12+00:00\",\"breadcrumb\":{\"@id\":\"http:\\\/\\\/www.vardarlaryapi.com\\\/?page_id=56#breadcrumb\"},\"inLanguage\":\"tr\",\"potentialAction\":[{\"@type\":\"ReadAction\",\"target\":[\"http:\\\/\\\/www.vardarlaryapi.com\\\/?page_id=56\"]}]},{\"@type\":\"BreadcrumbList\",\"@id\":\"http:\\\/\\\/www.vardarlaryapi.com\\\/?page_id=56#breadcrumb\",\"itemListElement\":[{\"@type\":\"ListItem\",\"position\":1,\"name\":\"Anasayfa\",\"item\":\"http:\\\/\\\/www.vardarlaryapi.com\\\/\"},{\"@type\":\"ListItem\",\"position\":2,\"name\":\"Hizmetlerimiz\"}]},{\"@type\":\"WebSite\",\"@id\":\"http:\\\/\\\/www.vardarlaryapi.com\\\/#website\",\"url\":\"http:\\\/\\\/www.vardarlaryapi.com\\\/\",\"name\":\"Vardarlar Yap\u0131\",\"description\":\"\",\"publisher\":{\"@id\":\"http:\\\/\\\/www.vardarlaryapi.com\\\/#organization\"},\"potentialAction\":[{\"@type\":\"SearchAction\",\"target\":{\"@type\":\"EntryPoint\",\"urlTemplate\":\"http:\\\/\\\/www.vardarlaryapi.com\\\/?s={search_term_string}\"},\"query-input\":{\"@type\":\"PropertyValueSpecification\",\"valueRequired\":true,\"valueName\":\"search_term_string\"}}],\"inLanguage\":\"tr\"},{\"@type\":\"Organization\",\"@id\":\"http:\\\/\\\/www.vardarlaryapi.com\\\/#organization\",\"name\":\"Vardarlar Yap\u0131\",\"url\":\"http:\\\/\\\/www.vardarlaryapi.com\\\/\",\"logo\":{\"@type\":\"ImageObject\",\"inLanguage\":\"tr\",\"@id\":\"http:\\\/\\\/www.vardarlaryapi.com\\\/#\\\/schema\\\/logo\\\/image\\\/\",\"url\":\"http:\\\/\\\/www.vardarlaryapi.com\\\/\\\/wp-content\\\/uploads\\\/2022\\\/11\\\/cropped-logo-1.png\",\"contentUrl\":\"http:\\\/\\\/www.vardarlaryapi.com\\\/\\\/wp-content\\\/uploads\\\/2022\\\/11\\\/cropped-logo-1.png\",\"width\":300,\"height\":100,\"caption\":\"Vardarlar Yap\u0131\"},\"image\":{\"@id\":\"http:\\\/\\\/www.vardarlaryapi.com\\\/#\\\/schema\\\/logo\\\/image\\\/\"}}]}<\/script>\n<!-- \/ Yoast SEO plugin. -->","yoast_head_json":{"title":"Hizmetlerimiz - Vardarlar Yap\u0131","robots":{"index":"index","follow":"follow","max-snippet":"max-snippet:-1","max-image-preview":"max-image-preview:large","max-video-preview":"max-video-preview:-1"},"canonical":"http:\/\/www.vardarlaryapi.com\/?page_id=56","og_locale":"tr_TR","og_type":"article","og_title":"Hizmetlerimiz - Vardarlar Yap\u0131","og_description":"Kanal A\u00e7ma Ve Temizleme Ara\u00e7lar\u0131m\u0131z\u00a0\u015fehir kanalizasyon sisteminde t\u0131kan\u0131kl\u0131klara yol a\u00e7an, kum, \u00e7ak\u0131l, toprak par\u00e7as\u0131, pet \u015fi\u015fe, kat\u0131la\u015fm\u0131\u015f ya\u011f ve foseptik at\u0131klar\u0131n y\u00fcksek bas\u0131n\u00e7l\u0131 suyun par\u00e7alama ve iteleme etkisi ile bertaraf edilmesini ve bulundu\u011fu yerden tahliye edilmesini sa\u011flamaktad\u0131r. Kanal G\u00f6r\u00fcnt\u00fcleme At\u0131ksu ve ya\u011fmursuyu \u015febeke ve kolekt\u00f6r hatlar\u0131 ile kimyasal ve end\u00fcstriyel at\u0131klar\u0131n ta\u015f\u0131nd\u0131\u011f\u0131 boru hatlar\u0131n\u0131 g\u00f6r\u00fcnt\u00fcleyerek [&hellip;]","og_url":"http:\/\/www.vardarlaryapi.com\/?page_id=56","og_site_name":"Vardarlar Yap\u0131","article_modified_time":"2022-12-07T16:52:12+00:00","twitter_card":"summary_large_image","twitter_misc":{"Tahmini okuma s\u00fcresi":"2 dakika"},"schema":{"@context":"https:\/\/schema.org","@graph":[{"@type":"WebPage","@id":"http:\/\/www.vardarlaryapi.com\/?page_id=56","url":"http:\/\/www.vardarlaryapi.com\/?page_id=56","name":"Hizmetlerimiz - Vardarlar Yap\u0131","isPartOf":{"@id":"http:\/\/www.vardarlaryapi.com\/#website"},"datePublished":"2022-11-16T13:38:46+00:00","dateModified":"2022-12-07T16:52:12+00:00","breadcrumb":{"@id":"http:\/\/www.vardarlaryapi.com\/?page_id=56#breadcrumb"},"inLanguage":"tr","potentialAction":[{"@type":"ReadAction","target":["http:\/\/www.vardarlaryapi.com\/?page_id=56"]}]},{"@type":"BreadcrumbList","@id":"http:\/\/www.vardarlaryapi.com\/?page_id=56#breadcrumb","itemListElement":[{"@type":"ListItem","position":1,"name":"Anasayfa","item":"http:\/\/www.vardarlaryapi.com\/"},{"@type":"ListItem","position":2,"name":"Hizmetlerimiz"}]},{"@type":"WebSite","@id":"http:\/\/www.vardarlaryapi.com\/#website","url":"http:\/\/www.vardarlaryapi.com\/","name":"Vardarlar Yap\u0131","description":"","publisher":{"@id":"http:\/\/www.vardarlaryapi.com\/#organization"},"potentialAction":[{"@type":"SearchAction","target":{"@type":"EntryPoint","urlTemplate":"http:\/\/www.vardarlaryapi.com\/?s={search_term_string}"},"query-input":{"@type":"PropertyValueSpecification","valueRequired":true,"valueName":"search_term_string"}}],"inLanguage":"tr"},{"@type":"Organization","@id":"http:\/\/www.vardarlaryapi.com\/#organization","name":"Vardarlar Yap\u0131","url":"http:\/\/www.vardarlaryapi.com\/","logo":{"@type":"ImageObject","inLanguage":"tr","@id":"http:\/\/www.vardarlaryapi.com\/#\/schema\/logo\/image\/","url":"http:\/\/www.vardarlaryapi.com\/\/wp-content\/uploads\/2022\/11\/cropped-logo-1.png","contentUrl":"http:\/\/www.vardarlaryapi.com\/\/wp-content\/uploads\/2022\/11\/cropped-logo-1.png","width":300,"height":100,"caption":"Vardarlar Yap\u0131"},"image":{"@id":"http:\/\/www.vardarlaryapi.com\/#\/schema\/logo\/image\/"}}]}},"_links":{"self":[{"href":"http:\/\/www.vardarlaryapi.com\/index.php?rest_route=\/wp\/v2\/pages\/56","targetHints":{"allow":["GET"]}}],"collection":[{"href":"http:\/\/www.vardarlaryapi.com\/index.php?rest_route=\/wp\/v2\/pages"}],"about":[{"href":"http:\/\/www.vardarlaryapi.com\/index.php?rest_route=\/wp\/v2\/types\/page"}],"author":[{"embeddable":true,"href":"http:\/\/www.vardarlaryapi.com\/index.php?rest_route=\/wp\/v2\/users\/1"}],"replies":[{"embeddable":true,"href":"http:\/\/www.vardarlaryapi.com\/index.php?rest_route=%2Fwp%2Fv2%2Fcomments&post=56"}],"version-history":[{"count":19,"href":"http:\/\/www.vardarlaryapi.com\/index.php?rest_route=\/wp\/v2\/pages\/56\/revisions"}],"predecessor-version":[{"id":389,"href":"http:\/\/www.vardarlaryapi.com\/index.php?rest_route=\/wp\/v2\/pages\/56\/revisions\/389"}],"wp:attachment":[{"href":"http:\/\/www.vardarlaryapi.com\/index.php?rest_route=%2Fwp%2Fv2%2Fmedia&parent=56"}],"curies":[{"name":"wp","href":"https:\/\/api.w.org\/{rel}","templated":true}]}}