{"id":310,"date":"2022-11-29T13:35:32","date_gmt":"2022-11-29T13:35:32","guid":{"rendered":"http:\/\/www.vardarlaryapi.com\/?page_id=310"},"modified":"2022-12-07T16:55:14","modified_gmt":"2022-12-07T16:55:14","slug":"galeri","status":"publish","type":"page","link":"http:\/\/www.vardarlaryapi.com\/?page_id=310","title":{"rendered":"Galeri"},"content":{"rendered":"\t\t<div data-elementor-type=\"wp-page\" data-elementor-id=\"310\" class=\"elementor elementor-310\">\n\t\t\t\t\t\t<section class=\"elementor-section elementor-top-section elementor-element elementor-element-bd66c1a elementor-section-boxed elementor-section-height-default elementor-section-height-default\" data-id=\"bd66c1a\" data-element_type=\"section\" data-e-type=\"section\">\n\t\t\t\t\t\t<div class=\"elementor-container elementor-column-gap-default\">\n\t\t\t\t\t<div class=\"elementor-column elementor-col-100 elementor-top-column elementor-element elementor-element-b4b2aa1\" data-id=\"b4b2aa1\" data-element_type=\"column\" data-e-type=\"column\">\n\t\t\t<div class=\"elementor-widget-wrap elementor-element-populated\">\n\t\t\t\t\t\t<div class=\"elementor-element elementor-element-6aa2581 elementor-arrows-position-inside elementor-pagination-position-outside elementor-widget elementor-widget-image-carousel\" data-id=\"6aa2581\" data-element_type=\"widget\" data-e-type=\"widget\" data-settings=\"{&quot;lazyload&quot;:&quot;yes&quot;,&quot;navigation&quot;:&quot;both&quot;,&quot;autoplay&quot;:&quot;yes&quot;,&quot;pause_on_hover&quot;:&quot;yes&quot;,&quot;pause_on_interaction&quot;:&quot;yes&quot;,&quot;autoplay_speed&quot;:5000,&quot;infinite&quot;:&quot;yes&quot;,&quot;speed&quot;:500}\" data-widget_type=\"image-carousel.default\">\n\t\t\t\t<div class=\"elementor-widget-container\">\n\t\t\t\t\t\t\t<div class=\"elementor-image-carousel-wrapper swiper\" role=\"region\" aria-roledescription=\"carousel\" aria-label=\"Resim D\u00f6ng\u00fcs\u00fc\" dir=\"ltr\">\n\t\t\t<div class=\"elementor-image-carousel swiper-wrapper\" aria-live=\"off\">\n\t\t\t\t\t\t\t\t<div class=\"swiper-slide\" role=\"group\" aria-roledescription=\"slide\" aria-label=\"1 \/ 21\"><figure class=\"swiper-slide-inner\"><img class=\"swiper-slide-image swiper-lazy\" data-src=\"http:\/\/www.vardarlaryapi.com\/\/wp-content\/uploads\/2022\/11\/arac-filomuz-ODY5M-225x300.jpeg\" alt=\"1\" \/><div class=\"swiper-lazy-preloader\"><\/div><\/figure><\/div><div class=\"swiper-slide\" role=\"group\" aria-roledescription=\"slide\" aria-label=\"2 \/ 21\"><figure class=\"swiper-slide-inner\"><img class=\"swiper-slide-image swiper-lazy\" data-src=\"http:\/\/www.vardarlaryapi.com\/\/wp-content\/uploads\/2022\/11\/arac-filomuz-ODkyM-300x225.jpeg\" alt=\"2\" \/><div class=\"swiper-lazy-preloader\"><\/div><\/figure><\/div><div class=\"swiper-slide\" role=\"group\" aria-roledescription=\"slide\" aria-label=\"3 \/ 21\"><figure class=\"swiper-slide-inner\"><img class=\"swiper-slide-image swiper-lazy\" data-src=\"http:\/\/www.vardarlaryapi.com\/\/wp-content\/uploads\/2022\/11\/arac-filomuz-ODkyM-1-300x225.jpeg\" alt=\"3\" \/><div class=\"swiper-lazy-preloader\"><\/div><\/figure><\/div><div class=\"swiper-slide\" role=\"group\" aria-roledescription=\"slide\" aria-label=\"4 \/ 21\"><figure class=\"swiper-slide-inner\"><img class=\"swiper-slide-image swiper-lazy\" data-src=\"http:\/\/www.vardarlaryapi.com\/\/wp-content\/uploads\/2022\/11\/arac-filomuz-ODA4M-300x225.jpeg\" alt=\"4\" \/><div class=\"swiper-lazy-preloader\"><\/div><\/figure><\/div><div class=\"swiper-slide\" role=\"group\" aria-roledescription=\"slide\" aria-label=\"5 \/ 21\"><figure class=\"swiper-slide-inner\"><img class=\"swiper-slide-image swiper-lazy\" data-src=\"http:\/\/www.vardarlaryapi.com\/\/wp-content\/uploads\/2022\/11\/arac-filomuz-NzY5O-300x169.jpeg\" alt=\"5\" \/><div class=\"swiper-lazy-preloader\"><\/div><\/figure><\/div><div class=\"swiper-slide\" role=\"group\" aria-roledescription=\"slide\" aria-label=\"6 \/ 21\"><figure class=\"swiper-slide-inner\"><img class=\"swiper-slide-image swiper-lazy\" data-src=\"http:\/\/www.vardarlaryapi.com\/\/wp-content\/uploads\/2022\/11\/arac-filomuz-NzUzN-300x225.jpeg\" alt=\"6\" \/><div class=\"swiper-lazy-preloader\"><\/div><\/figure><\/div><div class=\"swiper-slide\" role=\"group\" aria-roledescription=\"slide\" aria-label=\"7 \/ 21\"><figure class=\"swiper-slide-inner\"><img class=\"swiper-slide-image swiper-lazy\" data-src=\"http:\/\/www.vardarlaryapi.com\/\/wp-content\/uploads\/2022\/11\/arac-filomuz-NzE5M-300x225.jpeg\" alt=\"7\" \/><div class=\"swiper-lazy-preloader\"><\/div><\/figure><\/div><div class=\"swiper-slide\" role=\"group\" aria-roledescription=\"slide\" aria-label=\"8 \/ 21\"><figure class=\"swiper-slide-inner\"><img class=\"swiper-slide-image swiper-lazy\" data-src=\"http:\/\/www.vardarlaryapi.com\/\/wp-content\/uploads\/2022\/11\/arac-filomuz-NTMxM-300x225.jpeg\" alt=\"8\" \/><div class=\"swiper-lazy-preloader\"><\/div><\/figure><\/div><div class=\"swiper-slide\" role=\"group\" aria-roledescription=\"slide\" aria-label=\"9 \/ 21\"><figure class=\"swiper-slide-inner\"><img class=\"swiper-slide-image swiper-lazy\" data-src=\"http:\/\/www.vardarlaryapi.com\/\/wp-content\/uploads\/2022\/11\/arac-filomuz-NTEzN-300x225.jpeg\" alt=\"9\" \/><div class=\"swiper-lazy-preloader\"><\/div><\/figure><\/div><div class=\"swiper-slide\" role=\"group\" aria-roledescription=\"slide\" aria-label=\"10 \/ 21\"><figure class=\"swiper-slide-inner\"><img class=\"swiper-slide-image swiper-lazy\" data-src=\"http:\/\/www.vardarlaryapi.com\/\/wp-content\/uploads\/2022\/11\/arac-filomuz-NjkzM-300x225.jpeg\" alt=\"10\" \/><div class=\"swiper-lazy-preloader\"><\/div><\/figure><\/div><div class=\"swiper-slide\" role=\"group\" aria-roledescription=\"slide\" aria-label=\"11 \/ 21\"><figure class=\"swiper-slide-inner\"><img class=\"swiper-slide-image swiper-lazy\" data-src=\"http:\/\/www.vardarlaryapi.com\/\/wp-content\/uploads\/2022\/11\/arac-filomuz-NjExN-300x225.jpeg\" alt=\"11\" \/><div class=\"swiper-lazy-preloader\"><\/div><\/figure><\/div><div class=\"swiper-slide\" role=\"group\" aria-roledescription=\"slide\" aria-label=\"12 \/ 21\"><figure class=\"swiper-slide-inner\"><img class=\"swiper-slide-image swiper-lazy\" data-src=\"http:\/\/www.vardarlaryapi.com\/\/wp-content\/uploads\/2022\/11\/arac-filomuz-NDQwN-300x225.jpg\" alt=\"12\" \/><div class=\"swiper-lazy-preloader\"><\/div><\/figure><\/div><div class=\"swiper-slide\" role=\"group\" aria-roledescription=\"slide\" aria-label=\"13 \/ 21\"><figure class=\"swiper-slide-inner\"><img class=\"swiper-slide-image swiper-lazy\" data-src=\"http:\/\/www.vardarlaryapi.com\/\/wp-content\/uploads\/2022\/11\/arac-filomuz-NDA3M-300x225.jpeg\" alt=\"13\" \/><div class=\"swiper-lazy-preloader\"><\/div><\/figure><\/div><div class=\"swiper-slide\" role=\"group\" aria-roledescription=\"slide\" aria-label=\"14 \/ 21\"><figure class=\"swiper-slide-inner\"><img class=\"swiper-slide-image swiper-lazy\" data-src=\"http:\/\/www.vardarlaryapi.com\/\/wp-content\/uploads\/2022\/11\/arac-filomuz-Mzg0M-300x225.jpeg\" alt=\"14\" \/><div class=\"swiper-lazy-preloader\"><\/div><\/figure><\/div><div class=\"swiper-slide\" role=\"group\" aria-roledescription=\"slide\" aria-label=\"15 \/ 21\"><figure class=\"swiper-slide-inner\"><img class=\"swiper-slide-image swiper-lazy\" data-src=\"http:\/\/www.vardarlaryapi.com\/\/wp-content\/uploads\/2022\/11\/arac-filomuz-MTU3M-300x225.jpeg\" alt=\"15\" \/><div class=\"swiper-lazy-preloader\"><\/div><\/figure><\/div><div class=\"swiper-slide\" role=\"group\" aria-roledescription=\"slide\" aria-label=\"16 \/ 21\"><figure class=\"swiper-slide-inner\"><img class=\"swiper-slide-image swiper-lazy\" data-src=\"http:\/\/www.vardarlaryapi.com\/\/wp-content\/uploads\/2022\/11\/arac-filomuz-MTg1M-300x225.jpg\" alt=\"16\" \/><div class=\"swiper-lazy-preloader\"><\/div><\/figure><\/div><div class=\"swiper-slide\" role=\"group\" aria-roledescription=\"slide\" aria-label=\"17 \/ 21\"><figure class=\"swiper-slide-inner\"><img class=\"swiper-slide-image swiper-lazy\" data-src=\"http:\/\/www.vardarlaryapi.com\/\/wp-content\/uploads\/2022\/11\/arac-filomuz-MjY4N-300x225.jpeg\" alt=\"17\" \/><div class=\"swiper-lazy-preloader\"><\/div><\/figure><\/div><div class=\"swiper-slide\" role=\"group\" aria-roledescription=\"slide\" aria-label=\"18 \/ 21\"><figure class=\"swiper-slide-inner\"><img class=\"swiper-slide-image swiper-lazy\" data-src=\"http:\/\/www.vardarlaryapi.com\/\/wp-content\/uploads\/2022\/11\/arac-filomuz-MjQxM-225x300.jpg\" alt=\"18\" \/><div class=\"swiper-lazy-preloader\"><\/div><\/figure><\/div><div class=\"swiper-slide\" role=\"group\" aria-roledescription=\"slide\" aria-label=\"19 \/ 21\"><figure class=\"swiper-slide-inner\"><img class=\"swiper-slide-image swiper-lazy\" data-src=\"http:\/\/www.vardarlaryapi.com\/\/wp-content\/uploads\/2022\/11\/arac-filomuz-MjkzM-300x225.jpeg\" alt=\"19\" \/><div class=\"swiper-lazy-preloader\"><\/div><\/figure><\/div><div class=\"swiper-slide\" role=\"group\" aria-roledescription=\"slide\" aria-label=\"20 \/ 21\"><figure class=\"swiper-slide-inner\"><img class=\"swiper-slide-image swiper-lazy\" data-src=\"http:\/\/www.vardarlaryapi.com\/\/wp-content\/uploads\/2022\/11\/arac-filomuz-Mjk2M-300x225.jpeg\" alt=\"20\" \/><div class=\"swiper-lazy-preloader\"><\/div><\/figure><\/div><div class=\"swiper-slide\" role=\"group\" aria-roledescription=\"slide\" aria-label=\"21 \/ 21\"><figure class=\"swiper-slide-inner\"><img class=\"swiper-slide-image swiper-lazy\" data-src=\"http:\/\/www.vardarlaryapi.com\/\/wp-content\/uploads\/2022\/11\/arac-filomuz-MjgxM-e1669729659176-225x300.jpeg\" alt=\"21\" \/><div class=\"swiper-lazy-preloader\"><\/div><\/figure><\/div>\t\t\t<\/div>\n\t\t\t\t\t\t\t\t\t\t\t\t<div class=\"elementor-swiper-button elementor-swiper-button-prev\" role=\"button\" tabindex=\"0\">\n\t\t\t\t\t\t<i aria-hidden=\"true\" class=\"fas fa-angle-double-left\"><\/i>\t\t\t\t\t<\/div>\n\t\t\t\t\t<div class=\"elementor-swiper-button elementor-swiper-button-next\" role=\"button\" tabindex=\"0\">\n\t\t\t\t\t\t<i aria-hidden=\"true\" class=\"eicon-chevron-right\"><\/i>\t\t\t\t\t<\/div>\n\t\t\t\t\n\t\t\t\t\t\t\t\t\t<div class=\"swiper-pagination\"><\/div>\n\t\t\t\t\t\t\t\t\t<\/div>\n\t\t\t\t\t\t<\/div>\n\t\t\t\t<\/div>\n\t\t\t\t\t<\/div>\n\t\t<\/div>\n\t\t\t\t\t<\/div>\n\t\t<\/section>\n\t\t\t\t<\/div>\n\t\t","protected":false},"excerpt":{"rendered":"<p>\u00d6nceki Sonraki<\/p>\n","protected":false},"author":1,"featured_media":0,"parent":0,"menu_order":0,"comment_status":"closed","ping_status":"closed","template":"","meta":{"site-sidebar-layout":"no-sidebar","site-content-layout":"page-builder","ast-site-content-layout":"default","site-content-style":"default","site-sidebar-style":"default","ast-global-header-display":"","ast-banner-title-visibility":"","ast-main-header-display":"","ast-hfb-above-header-display":"","ast-hfb-below-header-display":"","ast-hfb-mobile-header-display":"","site-post-title":"disabled","ast-breadcrumbs-content":"","ast-featured-img":"disabled","footer-sml-layout":"","ast-disable-related-posts":"","theme-transparent-header-meta":"","adv-header-id-meta":"","stick-header-meta":"","header-above-stick-meta":"","header-main-stick-meta":"","header-below-stick-meta":"","astra-migrate-meta-layouts":"default","ast-page-background-enabled":"default","ast-page-background-meta":{"desktop":{"background-color":"var(--ast-global-color-4)","background-image":"","background-repeat":"repeat","background-position":"center center","background-size":"auto","background-attachment":"scroll","background-type":"","background-media":"","overlay-type":"","overlay-color":"","overlay-opacity":"","overlay-gradient":""},"tablet":{"background-color":"","background-image":"","background-repeat":"repeat","background-position":"center center","background-size":"auto","background-attachment":"scroll","background-type":"","background-media":"","overlay-type":"","overlay-color":"","overlay-opacity":"","overlay-gradient":""},"mobile":{"background-color":"","background-image":"","background-repeat":"repeat","background-position":"center center","background-size":"auto","background-attachment":"scroll","background-type":"","background-media":"","overlay-type":"","overlay-color":"","overlay-opacity":"","overlay-gradient":""}},"ast-content-background-meta":{"desktop":{"background-color":"var(--ast-global-color-5)","background-image":"","background-repeat":"repeat","background-position":"center center","background-size":"auto","background-attachment":"scroll","background-type":"","background-media":"","overlay-type":"","overlay-color":"","overlay-opacity":"","overlay-gradient":""},"tablet":{"background-color":"var(--ast-global-color-5)","background-image":"","background-repeat":"repeat","background-position":"center center","background-size":"auto","background-attachment":"scroll","background-type":"","background-media":"","overlay-type":"","overlay-color":"","overlay-opacity":"","overlay-gradient":""},"mobile":{"background-color":"var(--ast-global-color-5)","background-image":"","background-repeat":"repeat","background-position":"center center","background-size":"auto","background-attachment":"scroll","background-type":"","background-media":"","overlay-type":"","overlay-color":"","overlay-opacity":"","overlay-gradient":""}},"footnotes":""},"class_list":["post-310","page","type-page","status-publish","hentry"],"yoast_head":"<!-- This site is optimized with the Yoast SEO plugin v27.4 - https:\/\/yoast.com\/product\/yoast-seo-wordpress\/ -->\n<title>Galeri - Vardarlar Yap\u0131<\/title>\n<meta name=\"robots\" content=\"index, follow, max-snippet:-1, max-image-preview:large, max-video-preview:-1\" \/>\n<link rel=\"canonical\" href=\"http:\/\/www.vardarlaryapi.com\/?page_id=310\" \/>\n<meta property=\"og:locale\" content=\"tr_TR\" \/>\n<meta property=\"og:type\" content=\"article\" \/>\n<meta property=\"og:title\" content=\"Galeri - Vardarlar Yap\u0131\" \/>\n<meta property=\"og:description\" content=\"\u00d6nceki Sonraki\" \/>\n<meta property=\"og:url\" content=\"http:\/\/www.vardarlaryapi.com\/?page_id=310\" \/>\n<meta property=\"og:site_name\" content=\"Vardarlar Yap\u0131\" \/>\n<meta property=\"article:modified_time\" content=\"2022-12-07T16:55:14+00:00\" \/>\n<meta property=\"og:image\" content=\"http:\/\/www.vardarlaryapi.com\/wp-content\/uploads\/2022\/11\/arac-filomuz-ODY5M-225x300.jpeg\" \/>\n<meta name=\"twitter:card\" content=\"summary_large_image\" \/>\n<meta name=\"twitter:label1\" content=\"Tahmini okuma s\u00fcresi\" \/>\n\t<meta name=\"twitter:data1\" content=\"6 dakika\" \/>\n<script type=\"application\/ld+json\" class=\"yoast-schema-graph\">{\"@context\":\"https:\\\/\\\/schema.org\",\"@graph\":[{\"@type\":\"WebPage\",\"@id\":\"http:\\\/\\\/www.vardarlaryapi.com\\\/?page_id=310\",\"url\":\"http:\\\/\\\/www.vardarlaryapi.com\\\/?page_id=310\",\"name\":\"Galeri - Vardarlar Yap\u0131\",\"isPartOf\":{\"@id\":\"http:\\\/\\\/www.vardarlaryapi.com\\\/#website\"},\"primaryImageOfPage\":{\"@id\":\"http:\\\/\\\/www.vardarlaryapi.com\\\/?page_id=310#primaryimage\"},\"image\":{\"@id\":\"http:\\\/\\\/www.vardarlaryapi.com\\\/?page_id=310#primaryimage\"},\"thumbnailUrl\":\"http:\\\/\\\/www.vardarlaryapi.com\\\/wp-content\\\/uploads\\\/2022\\\/11\\\/arac-filomuz-ODY5M-225x300.jpeg\",\"datePublished\":\"2022-11-29T13:35:32+00:00\",\"dateModified\":\"2022-12-07T16:55:14+00:00\",\"breadcrumb\":{\"@id\":\"http:\\\/\\\/www.vardarlaryapi.com\\\/?page_id=310#breadcrumb\"},\"inLanguage\":\"tr\",\"potentialAction\":[{\"@type\":\"ReadAction\",\"target\":[\"http:\\\/\\\/www.vardarlaryapi.com\\\/?page_id=310\"]}]},{\"@type\":\"ImageObject\",\"inLanguage\":\"tr\",\"@id\":\"http:\\\/\\\/www.vardarlaryapi.com\\\/?page_id=310#primaryimage\",\"url\":\"http:\\\/\\\/www.vardarlaryapi.com\\\/\\\/wp-content\\\/uploads\\\/2022\\\/11\\\/arac-filomuz-ODY5M.jpeg\",\"contentUrl\":\"http:\\\/\\\/www.vardarlaryapi.com\\\/\\\/wp-content\\\/uploads\\\/2022\\\/11\\\/arac-filomuz-ODY5M.jpeg\",\"width\":900,\"height\":1199,\"caption\":\"1\"},{\"@type\":\"BreadcrumbList\",\"@id\":\"http:\\\/\\\/www.vardarlaryapi.com\\\/?page_id=310#breadcrumb\",\"itemListElement\":[{\"@type\":\"ListItem\",\"position\":1,\"name\":\"Anasayfa\",\"item\":\"http:\\\/\\\/www.vardarlaryapi.com\\\/\"},{\"@type\":\"ListItem\",\"position\":2,\"name\":\"Galeri\"}]},{\"@type\":\"WebSite\",\"@id\":\"http:\\\/\\\/www.vardarlaryapi.com\\\/#website\",\"url\":\"http:\\\/\\\/www.vardarlaryapi.com\\\/\",\"name\":\"Vardarlar Yap\u0131\",\"description\":\"\",\"publisher\":{\"@id\":\"http:\\\/\\\/www.vardarlaryapi.com\\\/#organization\"},\"potentialAction\":[{\"@type\":\"SearchAction\",\"target\":{\"@type\":\"EntryPoint\",\"urlTemplate\":\"http:\\\/\\\/www.vardarlaryapi.com\\\/?s={search_term_string}\"},\"query-input\":{\"@type\":\"PropertyValueSpecification\",\"valueRequired\":true,\"valueName\":\"search_term_string\"}}],\"inLanguage\":\"tr\"},{\"@type\":\"Organization\",\"@id\":\"http:\\\/\\\/www.vardarlaryapi.com\\\/#organization\",\"name\":\"Vardarlar Yap\u0131\",\"url\":\"http:\\\/\\\/www.vardarlaryapi.com\\\/\",\"logo\":{\"@type\":\"ImageObject\",\"inLanguage\":\"tr\",\"@id\":\"http:\\\/\\\/www.vardarlaryapi.com\\\/#\\\/schema\\\/logo\\\/image\\\/\",\"url\":\"http:\\\/\\\/www.vardarlaryapi.com\\\/\\\/wp-content\\\/uploads\\\/2022\\\/11\\\/cropped-logo-1.png\",\"contentUrl\":\"http:\\\/\\\/www.vardarlaryapi.com\\\/\\\/wp-content\\\/uploads\\\/2022\\\/11\\\/cropped-logo-1.png\",\"width\":300,\"height\":100,\"caption\":\"Vardarlar Yap\u0131\"},\"image\":{\"@id\":\"http:\\\/\\\/www.vardarlaryapi.com\\\/#\\\/schema\\\/logo\\\/image\\\/\"}}]}<\/script>\n<!-- \/ Yoast SEO plugin. -->","yoast_head_json":{"title":"Galeri - Vardarlar Yap\u0131","robots":{"index":"index","follow":"follow","max-snippet":"max-snippet:-1","max-image-preview":"max-image-preview:large","max-video-preview":"max-video-preview:-1"},"canonical":"http:\/\/www.vardarlaryapi.com\/?page_id=310","og_locale":"tr_TR","og_type":"article","og_title":"Galeri - Vardarlar Yap\u0131","og_description":"\u00d6nceki Sonraki","og_url":"http:\/\/www.vardarlaryapi.com\/?page_id=310","og_site_name":"Vardarlar Yap\u0131","article_modified_time":"2022-12-07T16:55:14+00:00","og_image":[{"url":"http:\/\/www.vardarlaryapi.com\/wp-content\/uploads\/2022\/11\/arac-filomuz-ODY5M-225x300.jpeg","type":"","width":"","height":""}],"twitter_card":"summary_large_image","twitter_misc":{"Tahmini okuma s\u00fcresi":"6 dakika"},"schema":{"@context":"https:\/\/schema.org","@graph":[{"@type":"WebPage","@id":"http:\/\/www.vardarlaryapi.com\/?page_id=310","url":"http:\/\/www.vardarlaryapi.com\/?page_id=310","name":"Galeri - Vardarlar Yap\u0131","isPartOf":{"@id":"http:\/\/www.vardarlaryapi.com\/#website"},"primaryImageOfPage":{"@id":"http:\/\/www.vardarlaryapi.com\/?page_id=310#primaryimage"},"image":{"@id":"http:\/\/www.vardarlaryapi.com\/?page_id=310#primaryimage"},"thumbnailUrl":"http:\/\/www.vardarlaryapi.com\/wp-content\/uploads\/2022\/11\/arac-filomuz-ODY5M-225x300.jpeg","datePublished":"2022-11-29T13:35:32+00:00","dateModified":"2022-12-07T16:55:14+00:00","breadcrumb":{"@id":"http:\/\/www.vardarlaryapi.com\/?page_id=310#breadcrumb"},"inLanguage":"tr","potentialAction":[{"@type":"ReadAction","target":["http:\/\/www.vardarlaryapi.com\/?page_id=310"]}]},{"@type":"ImageObject","inLanguage":"tr","@id":"http:\/\/www.vardarlaryapi.com\/?page_id=310#primaryimage","url":"http:\/\/www.vardarlaryapi.com\/\/wp-content\/uploads\/2022\/11\/arac-filomuz-ODY5M.jpeg","contentUrl":"http:\/\/www.vardarlaryapi.com\/\/wp-content\/uploads\/2022\/11\/arac-filomuz-ODY5M.jpeg","width":900,"height":1199,"caption":"1"},{"@type":"BreadcrumbList","@id":"http:\/\/www.vardarlaryapi.com\/?page_id=310#breadcrumb","itemListElement":[{"@type":"ListItem","position":1,"name":"Anasayfa","item":"http:\/\/www.vardarlaryapi.com\/"},{"@type":"ListItem","position":2,"name":"Galeri"}]},{"@type":"WebSite","@id":"http:\/\/www.vardarlaryapi.com\/#website","url":"http:\/\/www.vardarlaryapi.com\/","name":"Vardarlar Yap\u0131","description":"","publisher":{"@id":"http:\/\/www.vardarlaryapi.com\/#organization"},"potentialAction":[{"@type":"SearchAction","target":{"@type":"EntryPoint","urlTemplate":"http:\/\/www.vardarlaryapi.com\/?s={search_term_string}"},"query-input":{"@type":"PropertyValueSpecification","valueRequired":true,"valueName":"search_term_string"}}],"inLanguage":"tr"},{"@type":"Organization","@id":"http:\/\/www.vardarlaryapi.com\/#organization","name":"Vardarlar Yap\u0131","url":"http:\/\/www.vardarlaryapi.com\/","logo":{"@type":"ImageObject","inLanguage":"tr","@id":"http:\/\/www.vardarlaryapi.com\/#\/schema\/logo\/image\/","url":"http:\/\/www.vardarlaryapi.com\/\/wp-content\/uploads\/2022\/11\/cropped-logo-1.png","contentUrl":"http:\/\/www.vardarlaryapi.com\/\/wp-content\/uploads\/2022\/11\/cropped-logo-1.png","width":300,"height":100,"caption":"Vardarlar Yap\u0131"},"image":{"@id":"http:\/\/www.vardarlaryapi.com\/#\/schema\/logo\/image\/"}}]}},"_links":{"self":[{"href":"http:\/\/www.vardarlaryapi.com\/index.php?rest_route=\/wp\/v2\/pages\/310","targetHints":{"allow":["GET"]}}],"collection":[{"href":"http:\/\/www.vardarlaryapi.com\/index.php?rest_route=\/wp\/v2\/pages"}],"about":[{"href":"http:\/\/www.vardarlaryapi.com\/index.php?rest_route=\/wp\/v2\/types\/page"}],"author":[{"embeddable":true,"href":"http:\/\/www.vardarlaryapi.com\/index.php?rest_route=\/wp\/v2\/users\/1"}],"replies":[{"embeddable":true,"href":"http:\/\/www.vardarlaryapi.com\/index.php?rest_route=%2Fwp%2Fv2%2Fcomments&post=310"}],"version-history":[{"count":14,"href":"http:\/\/www.vardarlaryapi.com\/index.php?rest_route=\/wp\/v2\/pages\/310\/revisions"}],"predecessor-version":[{"id":395,"href":"http:\/\/www.vardarlaryapi.com\/index.php?rest_route=\/wp\/v2\/pages\/310\/revisions\/395"}],"wp:attachment":[{"href":"http:\/\/www.vardarlaryapi.com\/index.php?rest_route=%2Fwp%2Fv2%2Fmedia&parent=310"}],"curies":[{"name":"wp","href":"https:\/\/api.w.org\/{rel}","templated":true}]}}